{"id":17,"date":"2026-02-01T12:15:46","date_gmt":"2026-02-01T12:15:46","guid":{"rendered":"https:\/\/gvft.de\/ueber\/"},"modified":"2026-02-01T16:21:17","modified_gmt":"2026-02-01T16:21:17","slug":"ueber","status":"publish","type":"page","link":"https:\/\/gvft.de\/en\/ueber\/","title":{"rendered":"\u00dcber"},"content":{"rendered":"<div class=\"wp-block-group alignfull is-style-ext-preset--group--natural-1--section has-background-background-color has-background has-global-padding is-layout-constrained wp-block-group-is-layout-constrained\" id=\"ueber-uns\" style=\"margin-top:0;margin-bottom:0;padding-top:var(--wp--preset--spacing--70);padding-bottom:var(--wp--preset--spacing--70)\">\n<div class=\"wp-block-columns alignwide are-vertically-aligned-center is-layout-flex wp-container-core-columns-is-layout-174606dc wp-block-columns-is-layout-flex\">\n<div class=\"wp-block-column is-vertically-aligned-center is-layout-flow wp-block-column-is-layout-flow\">\n<div class=\"wp-block-group alignwide is-vertical is-layout-flex wp-container-core-group-is-layout-c35747d5 wp-block-group-is-layout-flex\">\n<div class=\"wp-block-group has-global-padding is-layout-constrained wp-container-core-group-is-layout-dd32767c wp-block-group-is-layout-constrained\">\n<h2 class=\"wp-block-heading\">Gerstenberg Vertical Future Tech GmbH vereint Zukunftstechnologien<\/h2>\n\n\n\n<p>Gerstenberg Vertical Future Tech GmbH entwickelt im Altenburger Land eine nachhaltige Symbiose aus Landwirtschaft, Energie und Hochleistungsrechenzentren, um \u00f6kologische Innovationen voranzutreiben.<\/p>\n<\/div>\n<\/div>\n<\/div>\n\n\n\n<div class=\"wp-block-column is-vertically-aligned-center is-layout-flow wp-block-column-is-layout-flow\">\n<figure class=\"wp-block-image size-full is-style-ext-preset--image--natural-1--image-1--content-left is-style-ext-preset--image--natural-1--image-1--content-left--2\"><img loading=\"lazy\" decoding=\"async\" width=\"1536\" height=\"1024\" src=\"https:\/\/gvft.de\/wp-content\/uploads\/2026\/02\/ChatGPT-Image-14.-Sept.-2025-14_59_26.png\" alt=\"\" class=\"wp-image-94\" style=\"aspect-ratio:1;object-fit:cover\" srcset=\"https:\/\/gvft.de\/wp-content\/uploads\/2026\/02\/ChatGPT-Image-14.-Sept.-2025-14_59_26.png 1536w, https:\/\/gvft.de\/wp-content\/uploads\/2026\/02\/ChatGPT-Image-14.-Sept.-2025-14_59_26-300x200.png 300w, https:\/\/gvft.de\/wp-content\/uploads\/2026\/02\/ChatGPT-Image-14.-Sept.-2025-14_59_26-1024x683.png 1024w, https:\/\/gvft.de\/wp-content\/uploads\/2026\/02\/ChatGPT-Image-14.-Sept.-2025-14_59_26-768x512.png 768w, https:\/\/gvft.de\/wp-content\/uploads\/2026\/02\/ChatGPT-Image-14.-Sept.-2025-14_59_26-18x12.png 18w\" sizes=\"auto, (max-width: 1536px) 100vw, 1536px\" \/><\/figure>\n<\/div>\n<\/div>\n<\/div>\n\n\n\n<div class=\"wp-block-group alignfull is-style-ext-preset--group--natural-1--section has-tertiary-background-color has-background has-global-padding is-layout-constrained wp-container-core-group-is-layout-e955bbaf wp-block-group-is-layout-constrained\" style=\"margin-top:0;margin-bottom:0;padding-top:var(--wp--preset--spacing--70);padding-bottom:var(--wp--preset--spacing--70)\">\n<div class=\"wp-block-group alignwide is-vertical is-content-justification-center is-layout-flex wp-container-core-group-is-layout-c9ee0c5a wp-block-group-is-layout-flex\">\n<div class=\"wp-block-group has-global-padding is-layout-constrained wp-container-core-group-is-layout-5e05634a wp-block-group-is-layout-constrained\">\n<h2 class=\"wp-block-heading has-text-align-center\">Landwirtschaft, Energie und Zukunftstechnologie vereint<\/h2>\n\n\n\n<p class=\"has-text-align-center\">Erfahren Sie mehr \u00fcber unsere Erfolge in nachhaltiger Produktion und digitaler Innovation.<\/p>\n<\/div>\n<\/div>\n\n\n\n<div class=\"wp-block-columns alignwide is-layout-flex wp-container-core-columns-is-layout-08c01c1c wp-block-columns-is-layout-flex\">\n<div class=\"wp-block-column is-vertically-aligned-stretch is-layout-flow wp-container-core-column-is-layout-f5bb311e wp-block-column-is-layout-flow\">\n<div class=\"wp-block-group is-style-ext-preset--group--natural-1--item-card-1--align-center has-global-padding is-layout-constrained wp-block-group-is-layout-constrained is-style-ext-preset--group--natural-1--item-card-1--align-center--4\">\n<div class=\"wp-block-group is-style-default has-global-padding is-layout-constrained wp-block-group-is-layout-constrained\">\n<h3 class=\"wp-block-heading has-primary-color has-text-color has-link-color has-x-large-font-size wp-elements-6e6afd7811bc6bf6b7c26f4cbd9fd915\">4<\/h3>\n\n\n\n<h3 class=\"wp-block-heading\">Innovationsbereiche<\/h3>\n\n\n\n<p><strong>Sektorgekoppeltes Energiesystem<\/strong> mit PV (Dach\/Fassade &amp; Agri-PV), HPC-Abw\u00e4rme, Geothermie und Power-to-Heat (W\u00e4rmepumpen) plus thermischen &amp; elektrischen Speichern. Vermarktung von Strom (intern HPC, extern PPA\/Netz), W\u00e4rme (intern\/extern), K\u00e4lte (Absorption) und Wasserstoff.<\/p>\n<\/div>\n<\/div>\n<\/div>\n\n\n\n<div class=\"wp-block-column is-vertically-aligned-stretch is-layout-flow wp-container-core-column-is-layout-f5bb311e wp-block-column-is-layout-flow\">\n<div class=\"wp-block-group is-style-ext-preset--group--natural-1--item-card-1--align-center has-global-padding is-layout-constrained wp-block-group-is-layout-constrained is-style-ext-preset--group--natural-1--item-card-1--align-center--5\">\n<div class=\"wp-block-group is-style-default has-global-padding is-layout-constrained wp-block-group-is-layout-constrained\">\n<h3 class=\"wp-block-heading has-primary-color has-text-color has-link-color has-x-large-font-size wp-elements-8e614bab488bf9af4f7a5a65322e06b0\">3<\/h3>\n\n\n\n<h3 class=\"wp-block-heading\">Nachhaltigkeitsziele<\/h3>\n\n\n\n<p>Durch die Fokussierung auf Aquaponik entsteht ein enger <strong>energetischer und stofflicher Kreislauf <\/strong>zwischen HPC-Farm und Fischproduktion mit einem <strong>Beitrag zur nachhaltigen Versorgung<\/strong><\/p>\n\n\n\n<p>In Kombination mit einer effizienten Energie- und W\u00e4rmenutzung st\u00e4rkt dies die \u00f6kologische Bilanz des Unternehmens.<\/p>\n<\/div>\n<\/div>\n<\/div>\n\n\n\n<div class=\"wp-block-column is-vertically-aligned-stretch is-layout-flow wp-container-core-column-is-layout-f5bb311e wp-block-column-is-layout-flow\">\n<div class=\"wp-block-group is-style-ext-preset--group--natural-1--item-card-1--align-center has-global-padding is-layout-constrained wp-block-group-is-layout-constrained is-style-ext-preset--group--natural-1--item-card-1--align-center--6\">\n<div class=\"wp-block-group is-style-default has-global-padding is-layout-constrained wp-block-group-is-layout-constrained\">\n<h3 class=\"wp-block-heading has-primary-color has-text-color has-link-color has-x-large-font-size wp-elements-27b7927e543a69a45d5748e3f2172ce6\">1<\/h3>\n\n\n\n<h3 class=\"wp-block-heading\">Technologiezentren<\/h3>\n\n\n\n<p>Aufbau eines <strong>energieeffizienten Hochleistungsrechenzentrums (HPC)<\/strong> zur Unterst\u00fctzung von Forschung, Industrie und Medien.<\/p>\n\n\n\n<p>Nutzung <strong>regional erzeugter, erneuerbarer Energie<\/strong> (Agri-PV) mit Abw\u00e4rmenutzung in Aquaponik &amp; Fernw\u00e4rme.<\/p>\n<\/div>\n<\/div>\n<\/div>\n<\/div>\n<\/div>\n\n\n\n<div class=\"wp-block-group alignfull is-style-ext-preset--group--natural-1--section has-background-background-color has-background has-global-padding is-layout-constrained wp-container-core-group-is-layout-e955bbaf wp-block-group-is-layout-constrained\" style=\"margin-top:0;margin-bottom:0;padding-top:var(--wp--preset--spacing--70);padding-bottom:var(--wp--preset--spacing--70)\">\n<div class=\"wp-block-group alignwide is-vertical is-content-justification-center is-layout-flex wp-container-core-group-is-layout-c9ee0c5a wp-block-group-is-layout-flex\">\n<div class=\"wp-block-group has-global-padding is-layout-constrained wp-container-core-group-is-layout-5e05634a wp-block-group-is-layout-constrained\">\n<h2 class=\"wp-block-heading has-text-align-center\">Erleben Sie innovative Synergien &amp; nachhaltige Erfolge.<\/h2>\n\n\n\n<p class=\"has-text-align-center\">Unser Projekt vereint Landwirtschaft, Energie, Fischzucht und Hightech zu einem nachhaltigen Zukunftskonzept.<\/p>\n<\/div>\n<\/div>\n\n\n\n<div class=\"wp-block-columns alignwide is-layout-flex wp-container-core-columns-is-layout-08c01c1c wp-block-columns-is-layout-flex\">\n<div class=\"wp-block-column is-vertically-aligned-stretch is-layout-flow wp-container-core-column-is-layout-f5bb311e wp-block-column-is-layout-flow\">\n<div class=\"wp-block-group is-style-ext-preset--group--natural-1--item-card-1--align-center has-global-padding is-layout-constrained wp-block-group-is-layout-constrained is-style-ext-preset--group--natural-1--item-card-1--align-center--8\">\n<figure class=\"wp-block-image aligncenter size-large ext-aspect-landscape\"><img loading=\"lazy\" decoding=\"async\" width=\"1024\" height=\"683\" src=\"https:\/\/gvft.de\/wp-content\/uploads\/2026\/02\/Familie-am-Feldrand-1024x683.jpg\" alt=\"\" class=\"wp-image-115\" style=\"aspect-ratio:4\/3;object-fit:cover\" srcset=\"https:\/\/gvft.de\/wp-content\/uploads\/2026\/02\/Familie-am-Feldrand-1024x683.jpg 1024w, https:\/\/gvft.de\/wp-content\/uploads\/2026\/02\/Familie-am-Feldrand-300x200.jpg 300w, https:\/\/gvft.de\/wp-content\/uploads\/2026\/02\/Familie-am-Feldrand-768x512.jpg 768w, https:\/\/gvft.de\/wp-content\/uploads\/2026\/02\/Familie-am-Feldrand-18x12.jpg 18w, https:\/\/gvft.de\/wp-content\/uploads\/2026\/02\/Familie-am-Feldrand.jpg 1536w\" sizes=\"auto, (max-width: 1024px) 100vw, 1024px\" \/><\/figure>\n\n\n\n<div class=\"wp-block-group is-style-default has-global-padding is-layout-constrained wp-block-group-is-layout-constrained\">\n<h3 class=\"wp-block-heading has-text-align-center\">Nachhaltige Landwirtschaft<\/h3>\n\n\n\n<p class=\"has-text-align-center\">Unsere klimafreundliche Agrarproduktion bietet gesunde Lebensmittel und f\u00f6rdert die regionale Biodiversit\u00e4t.<\/p>\n<\/div>\n<\/div>\n<\/div>\n\n\n\n<div class=\"wp-block-column is-vertically-aligned-stretch is-layout-flow wp-container-core-column-is-layout-f5bb311e wp-block-column-is-layout-flow\">\n<div class=\"wp-block-group is-style-ext-preset--group--natural-1--item-card-1--align-center has-global-padding is-layout-constrained wp-block-group-is-layout-constrained is-style-ext-preset--group--natural-1--item-card-1--align-center--9\">\n<figure class=\"wp-block-image aligncenter size-large ext-aspect-landscape\"><img loading=\"lazy\" decoding=\"async\" width=\"1440\" height=\"810\" src=\"https:\/\/gvft.de\/wp-content\/uploads\/2026\/02\/e269e40bf5d4f4cc4891ecf5997ae1bed5c4f954.jpg\" alt=\"\" class=\"wp-image-35\" style=\"aspect-ratio:4\/3;object-fit:cover\" srcset=\"https:\/\/gvft.de\/wp-content\/uploads\/2026\/02\/e269e40bf5d4f4cc4891ecf5997ae1bed5c4f954.jpg 1440w, https:\/\/gvft.de\/wp-content\/uploads\/2026\/02\/e269e40bf5d4f4cc4891ecf5997ae1bed5c4f954-300x169.jpg 300w, https:\/\/gvft.de\/wp-content\/uploads\/2026\/02\/e269e40bf5d4f4cc4891ecf5997ae1bed5c4f954-1024x576.jpg 1024w, https:\/\/gvft.de\/wp-content\/uploads\/2026\/02\/e269e40bf5d4f4cc4891ecf5997ae1bed5c4f954-768x432.jpg 768w, https:\/\/gvft.de\/wp-content\/uploads\/2026\/02\/e269e40bf5d4f4cc4891ecf5997ae1bed5c4f954-18x10.jpg 18w\" sizes=\"auto, (max-width: 1440px) 100vw, 1440px\" \/><\/figure>\n\n\n\n<div class=\"wp-block-group is-style-default has-global-padding is-layout-constrained wp-block-group-is-layout-constrained\">\n<h3 class=\"wp-block-heading has-text-align-center\">Moderne Energieerzeugung<\/h3>\n\n\n\n<p class=\"has-text-align-center\">Klimaneutrale Energieversorgung sichert nachhaltige Stromproduktion f\u00fcr alle Projektbereiche am Standort.<\/p>\n<\/div>\n<\/div>\n<\/div>\n\n\n\n<div class=\"wp-block-column is-vertically-aligned-stretch is-layout-flow wp-container-core-column-is-layout-f5bb311e wp-block-column-is-layout-flow\">\n<div class=\"wp-block-group is-style-ext-preset--group--natural-1--item-card-1--align-center has-global-padding is-layout-constrained wp-block-group-is-layout-constrained is-style-ext-preset--group--natural-1--item-card-1--align-center--10\">\n<figure class=\"wp-block-image aligncenter size-full ext-aspect-landscape\"><img loading=\"lazy\" decoding=\"async\" width=\"717\" height=\"478\" src=\"https:\/\/gvft.de\/wp-content\/uploads\/2026\/02\/HPC-Kreislauf.png\" alt=\"\" class=\"wp-image-112\" style=\"aspect-ratio:4\/3;object-fit:cover\" srcset=\"https:\/\/gvft.de\/wp-content\/uploads\/2026\/02\/HPC-Kreislauf.png 717w, https:\/\/gvft.de\/wp-content\/uploads\/2026\/02\/HPC-Kreislauf-300x200.png 300w, https:\/\/gvft.de\/wp-content\/uploads\/2026\/02\/HPC-Kreislauf-18x12.png 18w\" sizes=\"auto, (max-width: 717px) 100vw, 717px\" \/><\/figure>\n\n\n\n<div class=\"wp-block-group is-style-default has-global-padding is-layout-constrained wp-block-group-is-layout-constrained\">\n<h3 class=\"wp-block-heading\">Innovative Hochleistungstechnik<\/h3>\n\n\n\n<p class=\"has-text-align-center\">Leistungsstarke Rechenzentren verbinden digitale Zukunftstechnologien mit \u00f6kologischer Verantwortung.<\/p>\n<\/div>\n<\/div>\n<\/div>\n<\/div>\n\n\n\n<div class=\"wp-block-buttons is-content-justification-center is-layout-flex wp-container-core-buttons-is-layout-a89b3969 wp-block-buttons-is-layout-flex\">\n<div class=\"wp-block-button is-style-ext-preset--button--natural-1--button-1 is-style-ext-preset--button--natural-1--button-1--11\"><a class=\"wp-block-button__link wp-element-button\" href=\"https:\/\/gvft.de\/en\/dienstleistungen\/\">Mehr erfahren<\/a><\/div>\n<\/div>\n<\/div>","protected":false},"excerpt":{"rendered":"<p>Gerstenberg Vertical Future Tech GmbH vereint Zukunftstechnologien Gerstenberg Vertical Future Tech GmbH entwickelt im Altenburger Land eine nachhaltige Symbiose aus Landwirtschaft, Energie und Hochleistungsrechenzentren, um \u00f6kologische Innovationen voranzutreiben. Landwirtschaft, Energie und Zukunftstechnologie vereint Erfahren Sie mehr \u00fcber unsere Erfolge in nachhaltiger Produktion und digitaler Innovation. 4 Innovationsbereiche Sektorgekoppeltes Energiesystem mit PV (Dach\/Fassade &amp; Agri-PV), HPC-Abw\u00e4rme, [&hellip;]<\/p>\n","protected":false},"author":1,"featured_media":0,"parent":0,"menu_order":0,"comment_status":"closed","ping_status":"closed","template":"page-with-title","meta":{"footnotes":""},"class_list":["post-17","page","type-page","status-publish","hentry"],"_links":{"self":[{"href":"https:\/\/gvft.de\/en\/wp-json\/wp\/v2\/pages\/17","targetHints":{"allow":["GET"]}}],"collection":[{"href":"https:\/\/gvft.de\/en\/wp-json\/wp\/v2\/pages"}],"about":[{"href":"https:\/\/gvft.de\/en\/wp-json\/wp\/v2\/types\/page"}],"author":[{"embeddable":true,"href":"https:\/\/gvft.de\/en\/wp-json\/wp\/v2\/users\/1"}],"replies":[{"embeddable":true,"href":"https:\/\/gvft.de\/en\/wp-json\/wp\/v2\/comments?post=17"}],"version-history":[{"count":20,"href":"https:\/\/gvft.de\/en\/wp-json\/wp\/v2\/pages\/17\/revisions"}],"predecessor-version":[{"id":117,"href":"https:\/\/gvft.de\/en\/wp-json\/wp\/v2\/pages\/17\/revisions\/117"}],"wp:attachment":[{"href":"https:\/\/gvft.de\/en\/wp-json\/wp\/v2\/media?parent=17"}],"curies":[{"name":"wp","href":"https:\/\/api.w.org\/{rel}","templated":true}]}}