{"id":19,"date":"2026-02-01T12:15:48","date_gmt":"2026-02-01T12:15:48","guid":{"rendered":"https:\/\/gvft.de\/faq\/"},"modified":"2026-02-03T20:39:14","modified_gmt":"2026-02-03T20:39:14","slug":"faq","status":"publish","type":"page","link":"https:\/\/gvft.de\/en\/faq\/","title":{"rendered":"FAQ"},"content":{"rendered":"<div class=\"wp-block-group alignfull is-style-ext-preset--group--natural-1--section has-background-background-color has-background has-global-padding is-layout-constrained wp-container-core-group-is-layout-e955bbaf wp-block-group-is-layout-constrained\" id=\"h\u00e4ufig-gestellte-fragen\" style=\"margin-top:0;margin-bottom:0;padding-top:var(--wp--preset--spacing--70);padding-bottom:var(--wp--preset--spacing--70)\">\n<div class=\"wp-block-group alignwide is-vertical is-content-justification-center is-layout-flex wp-container-core-group-is-layout-c9ee0c5a wp-block-group-is-layout-flex\">\n<div class=\"wp-block-group has-global-padding is-layout-constrained wp-container-core-group-is-layout-2287c683 wp-block-group-is-layout-constrained\">\n<h2 class=\"wp-block-heading has-text-align-center\">Klimaneutrale Energie, Landwirtschaft und Zukunftstechnologien<\/h2>\n\n\n\n<p class=\"has-text-align-center\">Hier finden Sie Antworten auf h\u00e4ufig gestellte Fragen rund um unser innovatives Projekt und seine nachhaltigen L\u00f6sungen.<\/p>\n<\/div>\n<\/div>\n\n\n\n<div class=\"wp-block-group alignwide has-global-padding is-content-justification-center is-layout-constrained wp-container-core-group-is-layout-8f997a6a wp-block-group-is-layout-constrained\">\n<div class=\"wp-block-group is-style-ext-preset--group--natural-1--item-card-1--align-start is-layout-flow wp-block-group-is-layout-flow is-style-ext-preset--group--natural-1--item-card-1--align-start--2\">\n<div class=\"wp-block-group is-style-default is-layout-flow wp-block-group-is-layout-flow\">\n<h3 class=\"wp-block-heading\">Was versteht man unter der Symbiose der einzelnen Bereiche?<\/h3>\n\n\n\n<p>Unser Projekt verbindet Landwirtschaft, Energieerzeugung, Fischzucht und Hochleistungsrechenzentren zu einer nachhaltigen Einheit.<\/p>\n<\/div>\n<\/div>\n\n\n\n<div class=\"wp-block-group is-style-ext-preset--group--natural-1--item-card-1--align-start is-layout-flow wp-block-group-is-layout-flow is-style-ext-preset--group--natural-1--item-card-1--align-start--3\">\n<div class=\"wp-block-group is-style-default is-layout-flow wp-block-group-is-layout-flow\">\n<h3 class=\"wp-block-heading\">Wie tr\u00e4gt das Projekt zur Nachhaltigkeit im Altenburger Land bei?<\/h3>\n\n\n\n<p>Wir erzeugen klimaneutrale Energie und f\u00f6rdern gesunde Nahrungsmittelproduktion bei minimaler Umweltbelastung.<\/p>\n<\/div>\n<\/div>\n\n\n\n<div class=\"wp-block-group is-style-ext-preset--group--natural-1--item-card-1--align-start is-layout-flow wp-block-group-is-layout-flow is-style-ext-preset--group--natural-1--item-card-1--align-start--4\">\n<div class=\"wp-block-group is-style-default is-layout-flow wp-block-group-is-layout-flow\">\n<h3 class=\"wp-block-heading\">Welche Technologien kommen bei Gerstenberg Vertical Future Tech zum Einsatz?<\/h3>\n\n\n\n<p>Modernste Hochleistungsrechenzentren und innovative Agrartechniken werden kombiniert, um Effizienz und Umweltfreundlichkeit zu maximieren.<\/p>\n<\/div>\n<\/div>\n\n\n\n<div class=\"wp-block-group is-style-ext-preset--group--natural-1--item-card-1--align-start is-layout-flow wp-block-group-is-layout-flow is-style-ext-preset--group--natural-1--item-card-1--align-start--5\">\n<div class=\"wp-block-group is-style-default is-layout-flow wp-block-group-is-layout-flow\">\n<h3 class=\"wp-block-heading\">Wie unterst\u00fctzt das Projekt die regionale Wirtschaft?<\/h3>\n\n\n\n<p>Es schafft Arbeitspl\u00e4tze, f\u00f6rdert regionale Innovationen und positioniert das Altenburger Land als Vorreiter f\u00fcr Zukunftstechnologien.<\/p>\n<\/div>\n<\/div>\n<\/div>\n<\/div>\n\n\n\n<div class=\"wp-block-group alignfull is-style-ext-preset--group--natural-1--section has-tertiary-background-color has-background has-global-padding is-layout-constrained wp-container-core-group-is-layout-6714b1d7 wp-block-group-is-layout-constrained\" id=\"ueber-uns\" style=\"margin-top:0;margin-bottom:0;padding-top:var(--wp--preset--spacing--70);padding-bottom:var(--wp--preset--spacing--70)\">\n<div class=\"wp-block-group alignwide is-vertical is-content-justification-center is-layout-flex wp-container-core-group-is-layout-c9ee0c5a wp-block-group-is-layout-flex\">\n<div class=\"wp-block-group has-global-padding is-layout-constrained wp-container-core-group-is-layout-2287c683 wp-block-group-is-layout-constrained\">\n<h2 class=\"wp-block-heading has-text-align-center\">Einzigartige Verbindung von Landwirtschaft, Energie und Technologie<\/h2>\n\n\n\n<p class=\"has-text-align-center\">Gerstenberg Vertical Future Tech GmbH verfolgt das Ziel, nachhaltige Energie, moderne Landwirtschaft und digitale Innovationen zu vereinen, um das Altenburger Land als Vorreiter f\u00fcr Zukunftstechnologien zu etablieren.<\/p>\n<\/div>\n<\/div>\n\n\n\n<div class=\"wp-block-columns alignwide is-layout-flex wp-container-core-columns-is-layout-28f84493 wp-block-columns-is-layout-flex\">\n<div class=\"wp-block-column is-layout-flow wp-block-column-is-layout-flow\">\n<figure class=\"wp-block-image size-full is-style-ext-preset-image-natural-1-image-1--content-bottom is-style-ext-preset--image--natural-1--image-1--content-bottom is-style-ext-preset--image--natural-1--image-1--content-bottom--7\"><img loading=\"lazy\" decoding=\"async\" width=\"1024\" height=\"1024\" src=\"https:\/\/gvft.de\/wp-content\/uploads\/2026\/02\/ChatGPT-Image-24.-Sept.-2025-06_59_34.jpg\" alt=\"\" class=\"wp-image-246\" style=\"aspect-ratio:3\/4;object-fit:cover\" srcset=\"https:\/\/gvft.de\/wp-content\/uploads\/2026\/02\/ChatGPT-Image-24.-Sept.-2025-06_59_34.jpg 1024w, https:\/\/gvft.de\/wp-content\/uploads\/2026\/02\/ChatGPT-Image-24.-Sept.-2025-06_59_34-300x300.jpg 300w, https:\/\/gvft.de\/wp-content\/uploads\/2026\/02\/ChatGPT-Image-24.-Sept.-2025-06_59_34-150x150.jpg 150w, https:\/\/gvft.de\/wp-content\/uploads\/2026\/02\/ChatGPT-Image-24.-Sept.-2025-06_59_34-768x768.jpg 768w, https:\/\/gvft.de\/wp-content\/uploads\/2026\/02\/ChatGPT-Image-24.-Sept.-2025-06_59_34-12x12.jpg 12w\" sizes=\"auto, (max-width: 1024px) 100vw, 1024px\" \/><\/figure>\n<\/div>\n\n\n\n<div class=\"wp-block-column is-layout-flow wp-block-column-is-layout-flow\">\n<figure class=\"wp-block-image size-large is-style-ext-preset-image-natural-1-image-1--content-bottom is-style-ext-preset--image--natural-1--image-1--content-bottom is-style-ext-preset--image--natural-1--image-1--content-bottom--8\"><img loading=\"lazy\" decoding=\"async\" width=\"1024\" height=\"683\" src=\"https:\/\/gvft.de\/wp-content\/uploads\/2026\/02\/Bauvorhaben_Phase_3-1024x683.png\" alt=\"\" class=\"wp-image-243\" style=\"aspect-ratio:3\/4;object-fit:cover\" srcset=\"https:\/\/gvft.de\/wp-content\/uploads\/2026\/02\/Bauvorhaben_Phase_3-1024x683.png 1024w, https:\/\/gvft.de\/wp-content\/uploads\/2026\/02\/Bauvorhaben_Phase_3-300x200.png 300w, https:\/\/gvft.de\/wp-content\/uploads\/2026\/02\/Bauvorhaben_Phase_3-768x512.png 768w, https:\/\/gvft.de\/wp-content\/uploads\/2026\/02\/Bauvorhaben_Phase_3-18x12.png 18w, https:\/\/gvft.de\/wp-content\/uploads\/2026\/02\/Bauvorhaben_Phase_3.png 1536w\" sizes=\"auto, (max-width: 1024px) 100vw, 1024px\" \/><\/figure>\n<\/div>\n\n\n\n<div class=\"wp-block-column is-layout-flow wp-block-column-is-layout-flow\">\n<figure class=\"wp-block-image size-full is-style-ext-preset-image-natural-1-image-1--content-bottom is-style-ext-preset--image--natural-1--image-1--content-bottom is-style-ext-preset--image--natural-1--image-1--content-bottom--9\"><img loading=\"lazy\" decoding=\"async\" width=\"1024\" height=\"1024\" src=\"https:\/\/gvft.de\/wp-content\/uploads\/2026\/02\/ChatGPT-Image-24.-Sept.-2025-22_17_47.jpg\" alt=\"\" class=\"wp-image-241\" style=\"aspect-ratio:3\/4;object-fit:cover\" srcset=\"https:\/\/gvft.de\/wp-content\/uploads\/2026\/02\/ChatGPT-Image-24.-Sept.-2025-22_17_47.jpg 1024w, https:\/\/gvft.de\/wp-content\/uploads\/2026\/02\/ChatGPT-Image-24.-Sept.-2025-22_17_47-300x300.jpg 300w, https:\/\/gvft.de\/wp-content\/uploads\/2026\/02\/ChatGPT-Image-24.-Sept.-2025-22_17_47-150x150.jpg 150w, https:\/\/gvft.de\/wp-content\/uploads\/2026\/02\/ChatGPT-Image-24.-Sept.-2025-22_17_47-768x768.jpg 768w, https:\/\/gvft.de\/wp-content\/uploads\/2026\/02\/ChatGPT-Image-24.-Sept.-2025-22_17_47-12x12.jpg 12w\" sizes=\"auto, (max-width: 1024px) 100vw, 1024px\" \/><\/figure>\n<\/div>\n<\/div>\n<\/div>\n\n\n\n<div class=\"wp-block-group alignfull is-style-ext-preset--group--natural-1--section has-background-background-color has-background has-global-padding is-layout-constrained wp-container-core-group-is-layout-e955bbaf wp-block-group-is-layout-constrained\" id=\"funktionen\" style=\"margin-top:0;margin-bottom:0;padding-top:var(--wp--preset--spacing--70);padding-bottom:var(--wp--preset--spacing--70)\">\n<div class=\"wp-block-group alignwide is-vertical is-content-justification-center is-layout-flex wp-container-core-group-is-layout-c9ee0c5a wp-block-group-is-layout-flex\">\n<div class=\"wp-block-group has-global-padding is-layout-constrained wp-container-core-group-is-layout-2287c683 wp-block-group-is-layout-constrained\">\n<h2 class=\"wp-block-heading has-text-align-center\">Gerstenberg Vertical Future Tech pr\u00e4gt die Zukunft<\/h2>\n\n\n\n<p class=\"has-text-align-center\">Wir vereinen nachhaltige Landwirtschaft, klimafreundliche Energie, innovative Fischzucht und Hochleistungsrechenzentren zu einem einmaligen Zukunftsprojekt.<\/p>\n<\/div>\n<\/div>\n\n\n\n<div class=\"wp-block-columns alignwide is-layout-flex wp-container-core-columns-is-layout-08c01c1c wp-block-columns-is-layout-flex\">\n<div class=\"wp-block-column is-layout-flow wp-block-column-is-layout-flow\">\n<div class=\"wp-block-group is-style-ext-preset--group--natural-1--item-card-1--align-center has-global-padding is-layout-constrained wp-block-group-is-layout-constrained is-style-ext-preset--group--natural-1--item-card-1--align-center--11\">\n<figure class=\"wp-block-image size-large\"><img loading=\"lazy\" decoding=\"async\" width=\"1024\" height=\"683\" src=\"https:\/\/gvft.de\/wp-content\/uploads\/2026\/02\/Hier-beginnt-die-Zukunft-1024x683.png\" alt=\"\" class=\"wp-image-254\" style=\"aspect-ratio:4\/3;object-fit:cover\" srcset=\"https:\/\/gvft.de\/wp-content\/uploads\/2026\/02\/Hier-beginnt-die-Zukunft-1024x683.png 1024w, https:\/\/gvft.de\/wp-content\/uploads\/2026\/02\/Hier-beginnt-die-Zukunft-300x200.png 300w, https:\/\/gvft.de\/wp-content\/uploads\/2026\/02\/Hier-beginnt-die-Zukunft-768x512.png 768w, https:\/\/gvft.de\/wp-content\/uploads\/2026\/02\/Hier-beginnt-die-Zukunft-18x12.png 18w, https:\/\/gvft.de\/wp-content\/uploads\/2026\/02\/Hier-beginnt-die-Zukunft.png 1536w\" sizes=\"auto, (max-width: 1024px) 100vw, 1024px\" \/><\/figure>\n\n\n\n<div class=\"wp-block-group is-style-default has-global-padding is-layout-constrained wp-block-group-is-layout-constrained\">\n<h3 class=\"wp-block-heading has-text-align-center\">Nachhaltige Energie<\/h3>\n\n\n\n<p class=\"has-text-align-center\">Klimaneutrale Energieversorgung durch modernste Technologien am Standort Altenburger Land.<\/p>\n<\/div>\n<\/div>\n<\/div>\n\n\n\n<div class=\"wp-block-column is-layout-flow wp-block-column-is-layout-flow\">\n<div class=\"wp-block-group is-style-ext-preset--group--natural-1--item-card-1--align-center has-global-padding is-layout-constrained wp-block-group-is-layout-constrained is-style-ext-preset--group--natural-1--item-card-1--align-center--12\">\n<figure class=\"wp-block-image size-large\"><img loading=\"lazy\" decoding=\"async\" width=\"1024\" height=\"683\" src=\"https:\/\/gvft.de\/wp-content\/uploads\/2026\/02\/ChatGPT-Image-24.-Sept.-2025-22_04_29-1-1024x683.jpg\" alt=\"\" class=\"wp-image-250\" style=\"aspect-ratio:4\/3;object-fit:cover\" srcset=\"https:\/\/gvft.de\/wp-content\/uploads\/2026\/02\/ChatGPT-Image-24.-Sept.-2025-22_04_29-1-1024x683.jpg 1024w, https:\/\/gvft.de\/wp-content\/uploads\/2026\/02\/ChatGPT-Image-24.-Sept.-2025-22_04_29-1-300x200.jpg 300w, https:\/\/gvft.de\/wp-content\/uploads\/2026\/02\/ChatGPT-Image-24.-Sept.-2025-22_04_29-1-768x512.jpg 768w, https:\/\/gvft.de\/wp-content\/uploads\/2026\/02\/ChatGPT-Image-24.-Sept.-2025-22_04_29-1-18x12.jpg 18w, https:\/\/gvft.de\/wp-content\/uploads\/2026\/02\/ChatGPT-Image-24.-Sept.-2025-22_04_29-1.jpg 1536w\" sizes=\"auto, (max-width: 1024px) 100vw, 1024px\" \/><\/figure>\n\n\n\n<div class=\"wp-block-group is-style-default has-global-padding is-layout-constrained wp-block-group-is-layout-constrained\">\n<h3 class=\"wp-block-heading has-text-align-center\">Integrierte Fischzucht<\/h3>\n\n\n\n<p class=\"has-text-align-center\">Fischzucht in symbiotischer Verbindung mit Landwirtschaft f\u00fcr gesunde Nahrungsmittelproduktion.<\/p>\n<\/div>\n<\/div>\n<\/div>\n\n\n\n<div class=\"wp-block-column is-layout-flow wp-block-column-is-layout-flow\">\n<div class=\"wp-block-group is-style-ext-preset--group--natural-1--item-card-1--align-center has-global-padding is-layout-constrained wp-block-group-is-layout-constrained is-style-ext-preset--group--natural-1--item-card-1--align-center--13\">\n<figure class=\"wp-block-image size-full\"><img loading=\"lazy\" decoding=\"async\" width=\"1024\" height=\"1024\" src=\"https:\/\/gvft.de\/wp-content\/uploads\/2026\/02\/ChatGPT-Image-24.-Sept.-2025-07_01_45.jpg\" alt=\"\" class=\"wp-image-252\" style=\"aspect-ratio:4\/3;object-fit:cover\" srcset=\"https:\/\/gvft.de\/wp-content\/uploads\/2026\/02\/ChatGPT-Image-24.-Sept.-2025-07_01_45.jpg 1024w, https:\/\/gvft.de\/wp-content\/uploads\/2026\/02\/ChatGPT-Image-24.-Sept.-2025-07_01_45-300x300.jpg 300w, https:\/\/gvft.de\/wp-content\/uploads\/2026\/02\/ChatGPT-Image-24.-Sept.-2025-07_01_45-150x150.jpg 150w, https:\/\/gvft.de\/wp-content\/uploads\/2026\/02\/ChatGPT-Image-24.-Sept.-2025-07_01_45-768x768.jpg 768w, https:\/\/gvft.de\/wp-content\/uploads\/2026\/02\/ChatGPT-Image-24.-Sept.-2025-07_01_45-12x12.jpg 12w\" sizes=\"auto, (max-width: 1024px) 100vw, 1024px\" \/><\/figure>\n\n\n\n<div class=\"wp-block-group is-style-default has-global-padding is-layout-constrained wp-block-group-is-layout-constrained\">\n<h3 class=\"wp-block-heading has-text-align-center\">Digitale Hochtechnologie<\/h3>\n\n\n\n<p class=\"has-text-align-center\">Hochleistungsrechenzentren als Herzst\u00fcck der digitalen Infrastruktur und Innovation.<\/p>\n<\/div>\n<\/div>\n<\/div>\n<\/div>\n<\/div>","protected":false},"excerpt":{"rendered":"<p>Klimaneutrale Energie, Landwirtschaft und Zukunftstechnologien Hier finden Sie Antworten auf h\u00e4ufig gestellte Fragen rund um unser innovatives Projekt und seine nachhaltigen L\u00f6sungen. Was versteht man unter der Symbiose der einzelnen Bereiche? Unser Projekt verbindet Landwirtschaft, Energieerzeugung, Fischzucht und Hochleistungsrechenzentren zu einer nachhaltigen Einheit. Wie tr\u00e4gt das Projekt zur Nachhaltigkeit im Altenburger Land bei? Wir erzeugen [&hellip;]<\/p>\n","protected":false},"author":1,"featured_media":0,"parent":0,"menu_order":0,"comment_status":"closed","ping_status":"closed","template":"page-with-title","meta":{"footnotes":""},"class_list":["post-19","page","type-page","status-publish","hentry"],"_links":{"self":[{"href":"https:\/\/gvft.de\/en\/wp-json\/wp\/v2\/pages\/19","targetHints":{"allow":["GET"]}}],"collection":[{"href":"https:\/\/gvft.de\/en\/wp-json\/wp\/v2\/pages"}],"about":[{"href":"https:\/\/gvft.de\/en\/wp-json\/wp\/v2\/types\/page"}],"author":[{"embeddable":true,"href":"https:\/\/gvft.de\/en\/wp-json\/wp\/v2\/users\/1"}],"replies":[{"embeddable":true,"href":"https:\/\/gvft.de\/en\/wp-json\/wp\/v2\/comments?post=19"}],"version-history":[{"count":8,"href":"https:\/\/gvft.de\/en\/wp-json\/wp\/v2\/pages\/19\/revisions"}],"predecessor-version":[{"id":255,"href":"https:\/\/gvft.de\/en\/wp-json\/wp\/v2\/pages\/19\/revisions\/255"}],"wp:attachment":[{"href":"https:\/\/gvft.de\/en\/wp-json\/wp\/v2\/media?parent=19"}],"curies":[{"name":"wp","href":"https:\/\/api.w.org\/{rel}","templated":true}]}}