{"id":20,"date":"2026-02-01T12:15:49","date_gmt":"2026-02-01T12:15:49","guid":{"rendered":"https:\/\/gvft.de\/dienstleistungen\/"},"modified":"2026-02-03T20:43:00","modified_gmt":"2026-02-03T20:43:00","slug":"dienstleistungen","status":"publish","type":"page","link":"https:\/\/gvft.de\/en\/dienstleistungen\/","title":{"rendered":"Dienstleistungen"},"content":{"rendered":"<div class=\"wp-block-group alignfull is-style-ext-preset--group--natural-1--section has-background-background-color has-background has-global-padding is-layout-constrained wp-container-core-group-is-layout-f72f1611 wp-block-group-is-layout-constrained\" id=\"dienstleistungen\" style=\"margin-top:0;margin-bottom:0;padding-top:var(--wp--preset--spacing--70);padding-bottom:var(--wp--preset--spacing--70)\">\n<div class=\"wp-block-group alignwide is-vertical is-layout-flex wp-container-core-group-is-layout-c35747d5 wp-block-group-is-layout-flex\">\n<div class=\"wp-block-group has-global-padding is-layout-constrained wp-container-core-group-is-layout-5e05634a wp-block-group-is-layout-constrained\">\n<h2 class=\"wp-block-heading\">Innovative L\u00f6sungen f\u00fcr eine nachhaltige Zukunft<\/h2>\n\n\n\n<p class=\"has-text-align-left\">Entdecken Sie unsere vielf\u00e4ltigen Angebote, die auf modernste Technologien und nachhaltige Entwicklung ausgerichtet sind.<\/p>\n<\/div>\n<\/div>\n\n\n\n<div class=\"wp-block-columns alignwide is-layout-flex wp-container-core-columns-is-layout-08c01c1c wp-block-columns-is-layout-flex\">\n<div class=\"wp-block-column is-vertically-aligned-stretch is-layout-flow wp-container-core-column-is-layout-f5bb311e wp-block-column-is-layout-flow\">\n<div class=\"wp-block-group is-style-ext-preset--group--natural-1--item-card-1--align-start has-global-padding is-layout-constrained wp-block-group-is-layout-constrained is-style-ext-preset--group--natural-1--item-card-1--align-start--2\">\n<div class=\"wp-block-group is-style-default has-global-padding is-layout-constrained wp-block-group-is-layout-constrained\">\n<figure class=\"wp-block-image size-large ext-aspect-landscape wp-duotone-primary-foreground\"><img decoding=\"async\" src=\"data:image\/svg+xml;base64,PHN2ZyB4bWxucz0iaHR0cDovL3d3dy53My5vcmcvMjAwMC9zdmciIHdpZHRoPSI0OCIgaGVpZ2h0PSI0OCIgZmlsbD0iIzAwMDAwMCIgdmlld0JveD0iMCAwIDI1NiAyNTYiPjxwYXRoIGQ9Ik0xNzIsNzZhNDQsNDQsMCwxLDAtNDQsNDRBNDQuMDUsNDQuMDUsMCwwLDAsMTcyLDc2Wm0tNDQsMjhhMjgsMjgsMCwxLDEsMjgtMjhBMjgsMjgsMCwwLDEsMTI4LDEwNFptNjAsMjRhNDQsNDQsMCwxLDAsNDQsNDRBNDQuMDUsNDQuMDUsMCwwLDAsMTg4LDEyOFptMCw3MmEyOCwyOCwwLDEsMSwyOC0yOEEyOCwyOCwwLDAsMSwxODgsMjAwWk02OCwxMjhhNDQsNDQsMCwxLDAsNDQsNDRBNDQuMDUsNDQuMDUsMCwwLDAsNjgsMTI4Wm0wLDcyYTI4LDI4LDAsMSwxLDI4LTI4QTI4LDI4LDAsMCwxLDY4LDIwMFoiPjwvcGF0aD48L3N2Zz4=\" alt=\"\" style=\"object-fit:cover\"\/><\/figure>\n\n\n\n<h3 class=\"wp-block-heading has-text-align-center\">Klimaneutrale Energieerzeugung<\/h3>\n\n\n\n<p>Unsere Anlagen gew\u00e4hrleisten eine effiziente und nachhaltige Produktion von sauberer Energie f\u00fcr die Region.<\/p>\n<\/div>\n<\/div>\n<\/div>\n\n\n\n<div class=\"wp-block-column is-vertically-aligned-stretch is-layout-flow wp-container-core-column-is-layout-f5bb311e wp-block-column-is-layout-flow\">\n<div class=\"wp-block-group is-style-ext-preset--group--natural-1--item-card-1--align-start has-global-padding is-layout-constrained wp-block-group-is-layout-constrained is-style-ext-preset--group--natural-1--item-card-1--align-start--3\">\n<div class=\"wp-block-group is-style-default has-global-padding is-layout-constrained wp-block-group-is-layout-constrained\">\n<figure class=\"wp-block-image size-large ext-aspect-landscape wp-duotone-primary-foreground\"><img decoding=\"async\" src=\"data:image\/svg+xml;base64,PHN2ZyB4bWxucz0iaHR0cDovL3d3dy53My5vcmcvMjAwMC9zdmciIHdpZHRoPSI0OCIgaGVpZ2h0PSI0OCIgZmlsbD0iIzAwMDAwMCIgdmlld0JveD0iMCAwIDI1NiAyNTYiPjxwYXRoIGQ9Ik04MCw0MGE0MCw0MCwwLDEsMCw0MCw0MEE0MCw0MCwwLDAsMCw4MCw0MFptMCw2NGEyNCwyNCwwLDEsMSwyNC0yNEEyNCwyNCwwLDAsMSw4MCwxMDRabTk2LDE2YTQwLDQwLDAsMSwwLTQwLTQwQTQwLDQwLDAsMCwwLDE3NiwxMjBabTAtNjRhMjQsMjQsMCwxLDEtMjQsMjRBMjQsMjQsMCwwLDEsMTc2LDU2Wk04MCwxMzZhNDAsNDAsMCwxLDAsNDAsNDBBNDAsNDAsMCwwLDAsODAsMTM2Wm0wLDY0YTI0LDI0LDAsMSwxLDI0LTI0QTI0LDI0LDAsMCwxLDgwLDIwMFptOTYtNjRhNDAsNDAsMCwxLDAsNDAsNDBBNDAsNDAsMCwwLDAsMTc2LDEzNlptMCw2NGEyNCwyNCwwLDEsMSwyNC0yNEEyNCwyNCwwLDAsMSwxNzYsMjAwWiI+PC9wYXRoPjwvc3ZnPg==\" alt=\"\" style=\"object-fit:cover\"\/><\/figure>\n\n\n\n<h3 class=\"wp-block-heading has-text-align-center\">Digitale Hochleistungsrechenzentren<\/h3>\n\n\n\n<p class=\"has-text-align-center\"><strong>AI-Training-as-a-Service<\/strong><\/p>\n\n\n\n<p class=\"has-text-align-center\"><strong>Simulation &amp; HPC-as-a-Service<\/strong><\/p>\n\n\n\n<p class=\"has-text-align-center\"><strong>Data Analytics &amp; Cloud-Service<\/strong><\/p>\n\n\n\n<p class=\"has-text-align-center\"><strong>Blockchain &amp; Financial Computing<\/strong><\/p>\n<\/div>\n<\/div>\n<\/div>\n\n\n\n<div class=\"wp-block-column is-vertically-aligned-stretch is-layout-flow wp-container-core-column-is-layout-f5bb311e wp-block-column-is-layout-flow\">\n<div class=\"wp-block-group is-style-ext-preset--group--natural-1--item-card-1--align-start has-global-padding is-layout-constrained wp-block-group-is-layout-constrained is-style-ext-preset--group--natural-1--item-card-1--align-start--4\">\n<div class=\"wp-block-group is-style-default has-global-padding is-layout-constrained wp-block-group-is-layout-constrained\">\n<figure class=\"wp-block-image size-large ext-aspect-landscape wp-duotone-primary-foreground\"><img decoding=\"async\" src=\"data:image\/svg+xml;base64,PHN2ZyB4bWxucz0iaHR0cDovL3d3dy53My5vcmcvMjAwMC9zdmciIHdpZHRoPSI0OCIgaGVpZ2h0PSI0OCIgZmlsbD0iIzAwMDAwMCIgdmlld0JveD0iMCAwIDI1NiAyNTYiPjxwYXRoIGQ9Ik04MCw0MGE0MCw0MCwwLDEsMCw0MCw0MEE0MCw0MCwwLDAsMCw4MCw0MFptMCw2NGEyNCwyNCwwLDEsMSwyNC0yNEEyNCwyNCwwLDAsMSw4MCwxMDRabTk2LDE2YTQwLDQwLDAsMSwwLTQwLTQwQTQwLDQwLDAsMCwwLDE3NiwxMjBabTAtNjRhMjQsMjQsMCwxLDEtMjQsMjRBMjQsMjQsMCwwLDEsMTc2LDU2Wk04MCwxMzZhNDAsNDAsMCwxLDAsNDAsNDBBNDAsNDAsMCwwLDAsODAsMTM2Wm0wLDY0YTI0LDI0LDAsMSwxLDI0LTI0QTI0LDI0LDAsMCwxLDgwLDIwMFptMTM2LTI0YTgsOCwwLDAsMS04LDhIMTg0djI0YTgsOCwwLDAsMS0xNiwwVjE4NEgxNDRhOCw4LDAsMCwxLDAtMTZoMjRWMTQ0YTgsOCwwLDAsMSwxNiwwdjI0aDI0QTgsOCwwLDAsMSwyMTYsMTc2WiI+PC9wYXRoPjwvc3ZnPg==\" alt=\"\" style=\"object-fit:cover\"\/><\/figure>\n\n\n\n<h3 class=\"wp-block-heading has-text-align-center\">Kaskadenansatz &#8211; Vom Bit zum Fisch<\/h3>\n\n\n\n<p class=\"has-text-align-center\"> Strom wird in Rechenleistung umgesetzt, die entstehende Abw\u00e4rme dient als Energiequelle f\u00fcr Aquaponik-Systeme. N\u00e4hrstoffstr\u00f6me werden weiterverwertet (z. B. \u00fcber Insekten- oder Algenproduktion).<\/p>\n<\/div>\n<\/div>\n<\/div>\n<\/div>\n<\/div>\n\n\n\n<div class=\"wp-block-group alignfull is-style-ext-preset--group--natural-1--section has-tertiary-background-color has-background has-global-padding is-layout-constrained wp-container-core-group-is-layout-e955bbaf wp-block-group-is-layout-constrained\" style=\"margin-top:0;margin-bottom:0;padding-top:var(--wp--preset--spacing--70);padding-bottom:var(--wp--preset--spacing--70)\">\n<div class=\"wp-block-group alignwide is-vertical is-content-justification-center is-layout-flex wp-container-core-group-is-layout-c9ee0c5a wp-block-group-is-layout-flex\">\n<div class=\"wp-block-group has-global-padding is-layout-constrained wp-container-core-group-is-layout-5e05634a wp-block-group-is-layout-constrained\">\n<h2 class=\"wp-block-heading has-text-align-center\">Entdecken Sie nachhaltige Innovationen &amp; zukunftsweisende Synergien.<\/h2>\n\n\n\n<p class=\"has-text-align-center\">Erleben Sie, wie Gerstenberg Vertical Future Tech klimafreundliche Energie, Landwirtschaft und Hightech harmonisch vereint.<\/p>\n<\/div>\n<\/div>\n\n\n\n<div class=\"wp-block-columns alignwide is-layout-flex wp-container-core-columns-is-layout-08c01c1c wp-block-columns-is-layout-flex\">\n<div class=\"wp-block-column is-vertically-aligned-stretch is-layout-flow wp-container-core-column-is-layout-f5bb311e wp-block-column-is-layout-flow\">\n<div class=\"wp-block-group is-style-ext-preset--group--natural-1--item-card-1--align-center has-global-padding is-layout-constrained wp-block-group-is-layout-constrained is-style-ext-preset--group--natural-1--item-card-1--align-center--6\">\n<figure class=\"wp-block-image aligncenter size-large ext-aspect-landscape\"><img loading=\"lazy\" decoding=\"async\" width=\"1024\" height=\"683\" src=\"https:\/\/gvft.de\/wp-content\/uploads\/2026\/02\/file_00000000bb7c72469fb46f741143f904-1024x683.png\" alt=\"\" class=\"wp-image-176\" style=\"aspect-ratio:4\/3;object-fit:cover\" srcset=\"https:\/\/gvft.de\/wp-content\/uploads\/2026\/02\/file_00000000bb7c72469fb46f741143f904-1024x683.png 1024w, https:\/\/gvft.de\/wp-content\/uploads\/2026\/02\/file_00000000bb7c72469fb46f741143f904-300x200.png 300w, https:\/\/gvft.de\/wp-content\/uploads\/2026\/02\/file_00000000bb7c72469fb46f741143f904-768x512.png 768w, https:\/\/gvft.de\/wp-content\/uploads\/2026\/02\/file_00000000bb7c72469fb46f741143f904-18x12.png 18w, https:\/\/gvft.de\/wp-content\/uploads\/2026\/02\/file_00000000bb7c72469fb46f741143f904.png 1536w\" sizes=\"auto, (max-width: 1024px) 100vw, 1024px\" \/><\/figure>\n\n\n\n<div class=\"wp-block-group is-style-default has-global-padding is-layout-constrained wp-block-group-is-layout-constrained\">\n<h3 class=\"wp-block-heading has-text-align-center\">Nachhaltige Energieerzeugung<\/h3>\n\n\n\n<p class=\"has-text-align-center\">Unsere klimaneutralen L\u00f6sungen versorgen den Standort effizient und reduzieren den \u00f6kologischen Fu\u00dfabdruck sp\u00fcrbar.<\/p>\n<\/div>\n<\/div>\n<\/div>\n\n\n\n<div class=\"wp-block-column is-vertically-aligned-stretch is-layout-flow wp-container-core-column-is-layout-f5bb311e wp-block-column-is-layout-flow\">\n<div class=\"wp-block-group is-style-ext-preset--group--natural-1--item-card-1--align-center has-global-padding is-layout-constrained wp-block-group-is-layout-constrained is-style-ext-preset--group--natural-1--item-card-1--align-center--7\">\n<figure class=\"wp-block-image aligncenter size-large ext-aspect-landscape\"><img loading=\"lazy\" decoding=\"async\" width=\"1024\" height=\"683\" src=\"https:\/\/gvft.de\/wp-content\/uploads\/2026\/02\/file_000000001c507246823a26de92f2625e-1024x683.png\" alt=\"\" class=\"wp-image-174\" style=\"aspect-ratio:4\/3;object-fit:cover\" srcset=\"https:\/\/gvft.de\/wp-content\/uploads\/2026\/02\/file_000000001c507246823a26de92f2625e-1024x683.png 1024w, https:\/\/gvft.de\/wp-content\/uploads\/2026\/02\/file_000000001c507246823a26de92f2625e-300x200.png 300w, https:\/\/gvft.de\/wp-content\/uploads\/2026\/02\/file_000000001c507246823a26de92f2625e-768x512.png 768w, https:\/\/gvft.de\/wp-content\/uploads\/2026\/02\/file_000000001c507246823a26de92f2625e-18x12.png 18w, https:\/\/gvft.de\/wp-content\/uploads\/2026\/02\/file_000000001c507246823a26de92f2625e.png 1536w\" sizes=\"auto, (max-width: 1024px) 100vw, 1024px\" \/><\/figure>\n\n\n\n<div class=\"wp-block-group is-style-default has-global-padding is-layout-constrained wp-block-group-is-layout-constrained\">\n<h3 class=\"wp-block-heading has-text-align-center\">Integrierte Fischzucht<\/h3>\n\n\n\n<p class=\"has-text-align-center\">Optimierte Aquakultur verbindet Umweltbewusstsein mit gesunder Lebensmittelproduktion direkt vor Ort.<\/p>\n<\/div>\n<\/div>\n<\/div>\n\n\n\n<div class=\"wp-block-column is-vertically-aligned-stretch is-layout-flow wp-container-core-column-is-layout-f5bb311e wp-block-column-is-layout-flow\">\n<div class=\"wp-block-group is-style-ext-preset--group--natural-1--item-card-1--align-center has-global-padding is-layout-constrained wp-block-group-is-layout-constrained is-style-ext-preset--group--natural-1--item-card-1--align-center--8\">\n<figure class=\"wp-block-image aligncenter size-large ext-aspect-landscape\"><img loading=\"lazy\" decoding=\"async\" width=\"1024\" height=\"683\" src=\"https:\/\/gvft.de\/wp-content\/uploads\/2026\/02\/file_00000000e7187246ac59e3f2a941d7a5-1024x683.png\" alt=\"\" class=\"wp-image-172\" style=\"aspect-ratio:4\/3;object-fit:cover\" srcset=\"https:\/\/gvft.de\/wp-content\/uploads\/2026\/02\/file_00000000e7187246ac59e3f2a941d7a5-1024x683.png 1024w, https:\/\/gvft.de\/wp-content\/uploads\/2026\/02\/file_00000000e7187246ac59e3f2a941d7a5-300x200.png 300w, https:\/\/gvft.de\/wp-content\/uploads\/2026\/02\/file_00000000e7187246ac59e3f2a941d7a5-768x512.png 768w, https:\/\/gvft.de\/wp-content\/uploads\/2026\/02\/file_00000000e7187246ac59e3f2a941d7a5-18x12.png 18w, https:\/\/gvft.de\/wp-content\/uploads\/2026\/02\/file_00000000e7187246ac59e3f2a941d7a5.png 1536w\" sizes=\"auto, (max-width: 1024px) 100vw, 1024px\" \/><\/figure>\n\n\n\n<div class=\"wp-block-group is-style-default has-global-padding is-layout-constrained wp-block-group-is-layout-constrained\">\n<h3 class=\"wp-block-heading\">Modernste Hochleistungsrechenzentren<\/h3>\n\n\n\n<p class=\"has-text-align-center\">Effiziente Datenverarbeitung schafft innovative digitale M\u00f6glichkeiten und st\u00e4rkt die technologische Infrastruktur.<\/p>\n<\/div>\n<\/div>\n<\/div>\n<\/div>\n\n\n\n<div class=\"wp-block-buttons is-content-justification-center is-layout-flex wp-container-core-buttons-is-layout-a89b3969 wp-block-buttons-is-layout-flex\">\n<div class=\"wp-block-button is-style-ext-preset--button--natural-1--button-1 is-style-ext-preset--button--natural-1--button-1--9\"><a class=\"wp-block-button__link wp-element-button\" href=\"https:\/\/gvft.de\/en\/kontakt\/\">Mehr erfahren<\/a><\/div>\n<\/div>\n<\/div>\n\n\n\n<div class=\"wp-block-group alignfull is-style-ext-preset--group--natural-1--section has-background-background-color has-background has-global-padding is-layout-constrained wp-container-core-group-is-layout-e955bbaf wp-block-group-is-layout-constrained\" id=\"funktionen\" style=\"margin-top:0;margin-bottom:0;padding-top:var(--wp--preset--spacing--70);padding-bottom:var(--wp--preset--spacing--70)\">\n<div class=\"wp-block-group alignwide is-vertical is-content-justification-center is-layout-flex wp-container-core-group-is-layout-c9ee0c5a wp-block-group-is-layout-flex\">\n<div class=\"wp-block-group has-global-padding is-layout-constrained wp-container-core-group-is-layout-2287c683 wp-block-group-is-layout-constrained\">\n<h2 class=\"wp-block-heading has-text-align-center\">Innovative Symbiose f\u00fcr nachhaltige Zukunftstechnologien<\/h2>\n\n\n\n<p class=\"has-text-align-center\">Gerstenberg Vertical Future Tech GmbH verbindet Landwirtschaft, Energie, Fischzucht und Rechenzentren zu einem klimaneutralen Leuchtturmprojekt im Altenburger Land.<\/p>\n<\/div>\n<\/div>\n\n\n\n<div class=\"wp-block-columns alignwide is-layout-flex wp-container-core-columns-is-layout-08c01c1c wp-block-columns-is-layout-flex\">\n<div class=\"wp-block-column is-layout-flow wp-block-column-is-layout-flow\">\n<div class=\"wp-block-group is-style-ext-preset--group--natural-1--item-card-1--align-center has-global-padding is-layout-constrained wp-block-group-is-layout-constrained is-style-ext-preset--group--natural-1--item-card-1--align-center--11\">\n<figure class=\"wp-block-image size-full\"><img loading=\"lazy\" decoding=\"async\" width=\"1024\" height=\"1024\" src=\"https:\/\/gvft.de\/wp-content\/uploads\/2026\/02\/ChatGPT-Image-12.-Sept.-2025-21_50_01.png\" alt=\"\" class=\"wp-image-256\" style=\"aspect-ratio:4\/3;object-fit:cover\" srcset=\"https:\/\/gvft.de\/wp-content\/uploads\/2026\/02\/ChatGPT-Image-12.-Sept.-2025-21_50_01.png 1024w, https:\/\/gvft.de\/wp-content\/uploads\/2026\/02\/ChatGPT-Image-12.-Sept.-2025-21_50_01-300x300.png 300w, https:\/\/gvft.de\/wp-content\/uploads\/2026\/02\/ChatGPT-Image-12.-Sept.-2025-21_50_01-150x150.png 150w, https:\/\/gvft.de\/wp-content\/uploads\/2026\/02\/ChatGPT-Image-12.-Sept.-2025-21_50_01-768x768.png 768w, https:\/\/gvft.de\/wp-content\/uploads\/2026\/02\/ChatGPT-Image-12.-Sept.-2025-21_50_01-12x12.png 12w\" sizes=\"auto, (max-width: 1024px) 100vw, 1024px\" \/><\/figure>\n\n\n\n<div class=\"wp-block-group is-style-default has-global-padding is-layout-constrained wp-block-group-is-layout-constrained\">\n<h3 class=\"wp-block-heading has-text-align-center\">Nachhaltige Agrartechnologien<\/h3>\n\n\n\n<p class=\"has-text-align-center\">Moderne Anbaumethoden f\u00f6rdern gesunde und ressourcenschonende Lebensmittelproduktion.<\/p>\n<\/div>\n<\/div>\n<\/div>\n\n\n\n<div class=\"wp-block-column is-layout-flow wp-block-column-is-layout-flow\">\n<div class=\"wp-block-group is-style-ext-preset--group--natural-1--item-card-1--align-center has-global-padding is-layout-constrained wp-block-group-is-layout-constrained is-style-ext-preset--group--natural-1--item-card-1--align-center--12\">\n<figure class=\"wp-block-image size-large\"><img loading=\"lazy\" decoding=\"async\" width=\"1024\" height=\"683\" src=\"https:\/\/gvft.de\/wp-content\/uploads\/2026\/02\/file_00000000e6347246abb21c03d6bf5e3d-1024x683.png\" alt=\"\" class=\"wp-image-180\" style=\"aspect-ratio:4\/3;object-fit:cover\" srcset=\"https:\/\/gvft.de\/wp-content\/uploads\/2026\/02\/file_00000000e6347246abb21c03d6bf5e3d-1024x683.png 1024w, https:\/\/gvft.de\/wp-content\/uploads\/2026\/02\/file_00000000e6347246abb21c03d6bf5e3d-300x200.png 300w, https:\/\/gvft.de\/wp-content\/uploads\/2026\/02\/file_00000000e6347246abb21c03d6bf5e3d-768x512.png 768w, https:\/\/gvft.de\/wp-content\/uploads\/2026\/02\/file_00000000e6347246abb21c03d6bf5e3d-18x12.png 18w, https:\/\/gvft.de\/wp-content\/uploads\/2026\/02\/file_00000000e6347246abb21c03d6bf5e3d.png 1536w\" sizes=\"auto, (max-width: 1024px) 100vw, 1024px\" \/><\/figure>\n\n\n\n<div class=\"wp-block-group is-style-default has-global-padding is-layout-constrained wp-block-group-is-layout-constrained\">\n<h3 class=\"wp-block-heading has-text-align-center\">Klimaneutrale Energieerzeugung<\/h3>\n\n\n\n<p class=\"has-text-align-center\">Erzeugung von sauberer Energie zur Versorgung aller Projektbereiche und dar\u00fcber hinaus.<\/p>\n<\/div>\n<\/div>\n<\/div>\n\n\n\n<div class=\"wp-block-column is-layout-flow wp-block-column-is-layout-flow\">\n<div class=\"wp-block-group is-style-ext-preset--group--natural-1--item-card-1--align-center has-global-padding is-layout-constrained wp-block-group-is-layout-constrained is-style-ext-preset--group--natural-1--item-card-1--align-center--13\">\n<figure class=\"wp-block-image size-large\"><img loading=\"lazy\" decoding=\"async\" width=\"1024\" height=\"683\" src=\"https:\/\/gvft.de\/wp-content\/uploads\/2026\/02\/file_00000000da787246b73a35560ffa4393-2-1024x683.png\" alt=\"\" class=\"wp-image-178\" style=\"aspect-ratio:4\/3;object-fit:cover\" srcset=\"https:\/\/gvft.de\/wp-content\/uploads\/2026\/02\/file_00000000da787246b73a35560ffa4393-2-1024x683.png 1024w, https:\/\/gvft.de\/wp-content\/uploads\/2026\/02\/file_00000000da787246b73a35560ffa4393-2-300x200.png 300w, https:\/\/gvft.de\/wp-content\/uploads\/2026\/02\/file_00000000da787246b73a35560ffa4393-2-768x512.png 768w, https:\/\/gvft.de\/wp-content\/uploads\/2026\/02\/file_00000000da787246b73a35560ffa4393-2-18x12.png 18w, https:\/\/gvft.de\/wp-content\/uploads\/2026\/02\/file_00000000da787246b73a35560ffa4393-2.png 1536w\" sizes=\"auto, (max-width: 1024px) 100vw, 1024px\" \/><\/figure>\n\n\n\n<div class=\"wp-block-group is-style-default has-global-padding is-layout-constrained wp-block-group-is-layout-constrained\">\n<h3 class=\"wp-block-heading has-text-align-center\">Innovative Hochleistungsrechenzentren<\/h3>\n\n\n\n<p class=\"has-text-align-center\">Effiziente und nachhaltige IT-Infrastruktur f\u00fcr zukunftsweisende digitale Anwendungen.<\/p>\n<\/div>\n<\/div>\n<\/div>\n<\/div>\n<\/div>","protected":false},"excerpt":{"rendered":"<p>Innovative L\u00f6sungen f\u00fcr eine nachhaltige Zukunft Entdecken Sie unsere vielf\u00e4ltigen Angebote, die auf modernste Technologien und nachhaltige Entwicklung ausgerichtet sind. Klimaneutrale Energieerzeugung Unsere Anlagen gew\u00e4hrleisten eine effiziente und nachhaltige Produktion von sauberer Energie f\u00fcr die Region. Digitale Hochleistungsrechenzentren AI-Training-as-a-Service Simulation &amp; HPC-as-a-Service Data Analytics &amp; Cloud-Service Blockchain &amp; Financial Computing Kaskadenansatz &#8211; Vom Bit zum [&hellip;]<\/p>\n","protected":false},"author":1,"featured_media":0,"parent":0,"menu_order":0,"comment_status":"closed","ping_status":"closed","template":"page-with-title","meta":{"footnotes":""},"class_list":["post-20","page","type-page","status-publish","hentry"],"_links":{"self":[{"href":"https:\/\/gvft.de\/en\/wp-json\/wp\/v2\/pages\/20","targetHints":{"allow":["GET"]}}],"collection":[{"href":"https:\/\/gvft.de\/en\/wp-json\/wp\/v2\/pages"}],"about":[{"href":"https:\/\/gvft.de\/en\/wp-json\/wp\/v2\/types\/page"}],"author":[{"embeddable":true,"href":"https:\/\/gvft.de\/en\/wp-json\/wp\/v2\/users\/1"}],"replies":[{"embeddable":true,"href":"https:\/\/gvft.de\/en\/wp-json\/wp\/v2\/comments?post=20"}],"version-history":[{"count":25,"href":"https:\/\/gvft.de\/en\/wp-json\/wp\/v2\/pages\/20\/revisions"}],"predecessor-version":[{"id":257,"href":"https:\/\/gvft.de\/en\/wp-json\/wp\/v2\/pages\/20\/revisions\/257"}],"wp:attachment":[{"href":"https:\/\/gvft.de\/en\/wp-json\/wp\/v2\/media?parent=20"}],"curies":[{"name":"wp","href":"https:\/\/api.w.org\/{rel}","templated":true}]}}