{"id":21,"date":"2026-02-01T12:15:50","date_gmt":"2026-02-01T12:15:50","guid":{"rendered":"https:\/\/gvft.de\/galerie\/"},"modified":"2026-02-01T16:39:05","modified_gmt":"2026-02-01T16:39:05","slug":"galerie","status":"publish","type":"page","link":"https:\/\/gvft.de\/en\/galerie\/","title":{"rendered":"Galerie"},"content":{"rendered":"<div class=\"wp-block-group alignfull is-style-ext-preset--group--natural-1--section has-background-background-color has-background has-global-padding is-layout-constrained wp-container-core-group-is-layout-f72f1611 wp-block-group-is-layout-constrained\" id=\"galerie\" style=\"margin-top:0;margin-bottom:0;padding-top:var(--wp--preset--spacing--70);padding-bottom:var(--wp--preset--spacing--70)\">\n<div class=\"wp-block-group alignwide is-vertical is-layout-flex wp-container-core-group-is-layout-c35747d5 wp-block-group-is-layout-flex\">\n<div class=\"wp-block-group has-global-padding is-layout-constrained wp-container-core-group-is-layout-5e05634a wp-block-group-is-layout-constrained\">\n<h2 class=\"wp-block-heading\">Nachhaltige Innovationen f\u00fcr das Altenburger Land<\/h2>\n\n\n\n<p class=\"has-text-align-left\">Entdecken Sie inspirierende Aufnahmen, die die Symbiose von Technologie, Natur und Energie eindrucksvoll darstellen.<\/p>\n<\/div>\n<\/div>\n\n\n\n<div class=\"wp-block-columns alignwide are-vertically-aligned-top is-layout-flex wp-container-core-columns-is-layout-87beb0d0 wp-block-columns-is-layout-flex\">\n<div class=\"wp-block-column is-vertically-aligned-top is-layout-flow wp-container-core-column-is-layout-f5bb311e wp-block-column-is-layout-flow\">\n<figure class=\"wp-block-image size-large is-style-ext-preset--image--natural-1--image-1--content-top is-style-ext-preset--image--natural-1--image-1--content-top--2\"><img loading=\"lazy\" decoding=\"async\" width=\"1024\" height=\"683\" src=\"https:\/\/gvft.de\/wp-content\/uploads\/2026\/02\/35m-rechteck-Bassin-1024x683.jpg\" alt=\"\" class=\"wp-image-118\" style=\"aspect-ratio:1;object-fit:cover\" srcset=\"https:\/\/gvft.de\/wp-content\/uploads\/2026\/02\/35m-rechteck-Bassin-1024x683.jpg 1024w, https:\/\/gvft.de\/wp-content\/uploads\/2026\/02\/35m-rechteck-Bassin-300x200.jpg 300w, https:\/\/gvft.de\/wp-content\/uploads\/2026\/02\/35m-rechteck-Bassin-768x512.jpg 768w, https:\/\/gvft.de\/wp-content\/uploads\/2026\/02\/35m-rechteck-Bassin-18x12.jpg 18w, https:\/\/gvft.de\/wp-content\/uploads\/2026\/02\/35m-rechteck-Bassin.jpg 1536w\" sizes=\"auto, (max-width: 1024px) 100vw, 1024px\" \/><\/figure>\n\n\n\n<figure class=\"wp-block-image size-full is-style-ext-preset--image--natural-1--image-1--content-top is-style-ext-preset--image--natural-1--image-1--content-top--3\"><img loading=\"lazy\" decoding=\"async\" width=\"1024\" height=\"1024\" src=\"https:\/\/gvft.de\/wp-content\/uploads\/2026\/02\/ChatGPT-Image-17.-Sept.-2025-22_20_52-1.png\" alt=\"\" class=\"wp-image-129\" style=\"aspect-ratio:1;object-fit:cover\" srcset=\"https:\/\/gvft.de\/wp-content\/uploads\/2026\/02\/ChatGPT-Image-17.-Sept.-2025-22_20_52-1.png 1024w, https:\/\/gvft.de\/wp-content\/uploads\/2026\/02\/ChatGPT-Image-17.-Sept.-2025-22_20_52-1-300x300.png 300w, https:\/\/gvft.de\/wp-content\/uploads\/2026\/02\/ChatGPT-Image-17.-Sept.-2025-22_20_52-1-150x150.png 150w, https:\/\/gvft.de\/wp-content\/uploads\/2026\/02\/ChatGPT-Image-17.-Sept.-2025-22_20_52-1-768x768.png 768w, https:\/\/gvft.de\/wp-content\/uploads\/2026\/02\/ChatGPT-Image-17.-Sept.-2025-22_20_52-1-12x12.png 12w\" sizes=\"auto, (max-width: 1024px) 100vw, 1024px\" \/><\/figure>\n<\/div>\n\n\n\n<div class=\"wp-block-column is-vertically-aligned-top is-layout-flow wp-container-core-column-is-layout-f5bb311e wp-block-column-is-layout-flow\">\n<figure class=\"wp-block-image size-large is-style-ext-preset--image--natural-1--image-1--content-top is-style-ext-preset--image--natural-1--image-1--content-top--4\"><img loading=\"lazy\" decoding=\"async\" width=\"1024\" height=\"738\" src=\"https:\/\/gvft.de\/wp-content\/uploads\/2026\/02\/Screenshot-2026-02-01-135359-1-1024x738.png\" alt=\"\" class=\"wp-image-120\" style=\"aspect-ratio:1;object-fit:cover\" srcset=\"https:\/\/gvft.de\/wp-content\/uploads\/2026\/02\/Screenshot-2026-02-01-135359-1-1024x738.png 1024w, https:\/\/gvft.de\/wp-content\/uploads\/2026\/02\/Screenshot-2026-02-01-135359-1-300x216.png 300w, https:\/\/gvft.de\/wp-content\/uploads\/2026\/02\/Screenshot-2026-02-01-135359-1-768x554.png 768w, https:\/\/gvft.de\/wp-content\/uploads\/2026\/02\/Screenshot-2026-02-01-135359-1-18x12.png 18w, https:\/\/gvft.de\/wp-content\/uploads\/2026\/02\/Screenshot-2026-02-01-135359-1.png 1237w\" sizes=\"auto, (max-width: 1024px) 100vw, 1024px\" \/><\/figure>\n\n\n\n<figure class=\"wp-block-image size-full is-style-ext-preset--image--natural-1--image-1--content-top is-style-ext-preset--image--natural-1--image-1--content-top--5\"><img loading=\"lazy\" decoding=\"async\" width=\"1024\" height=\"1024\" src=\"https:\/\/gvft.de\/wp-content\/uploads\/2026\/02\/ChatGPT-Image-17.-Sept.-2025-22_28_38.png\" alt=\"\" class=\"wp-image-124\" style=\"aspect-ratio:1;object-fit:cover\" srcset=\"https:\/\/gvft.de\/wp-content\/uploads\/2026\/02\/ChatGPT-Image-17.-Sept.-2025-22_28_38.png 1024w, https:\/\/gvft.de\/wp-content\/uploads\/2026\/02\/ChatGPT-Image-17.-Sept.-2025-22_28_38-300x300.png 300w, https:\/\/gvft.de\/wp-content\/uploads\/2026\/02\/ChatGPT-Image-17.-Sept.-2025-22_28_38-150x150.png 150w, https:\/\/gvft.de\/wp-content\/uploads\/2026\/02\/ChatGPT-Image-17.-Sept.-2025-22_28_38-768x768.png 768w, https:\/\/gvft.de\/wp-content\/uploads\/2026\/02\/ChatGPT-Image-17.-Sept.-2025-22_28_38-12x12.png 12w\" sizes=\"auto, (max-width: 1024px) 100vw, 1024px\" \/><\/figure>\n<\/div>\n\n\n\n<div class=\"wp-block-column is-vertically-aligned-top is-layout-flow wp-container-core-column-is-layout-f5bb311e wp-block-column-is-layout-flow\">\n<figure class=\"wp-block-image size-large is-style-ext-preset--image--natural-1--image-1--content-top is-style-ext-preset--image--natural-1--image-1--content-top--6\"><img loading=\"lazy\" decoding=\"async\" width=\"1024\" height=\"683\" src=\"https:\/\/gvft.de\/wp-content\/uploads\/2026\/02\/ChatGPT-Image-14.-Sept.-2025-15_00_17-1024x683.png\" alt=\"\" class=\"wp-image-133\" style=\"aspect-ratio:1;object-fit:cover\" srcset=\"https:\/\/gvft.de\/wp-content\/uploads\/2026\/02\/ChatGPT-Image-14.-Sept.-2025-15_00_17-1024x683.png 1024w, https:\/\/gvft.de\/wp-content\/uploads\/2026\/02\/ChatGPT-Image-14.-Sept.-2025-15_00_17-300x200.png 300w, https:\/\/gvft.de\/wp-content\/uploads\/2026\/02\/ChatGPT-Image-14.-Sept.-2025-15_00_17-768x512.png 768w, https:\/\/gvft.de\/wp-content\/uploads\/2026\/02\/ChatGPT-Image-14.-Sept.-2025-15_00_17-18x12.png 18w, https:\/\/gvft.de\/wp-content\/uploads\/2026\/02\/ChatGPT-Image-14.-Sept.-2025-15_00_17.png 1536w\" sizes=\"auto, (max-width: 1024px) 100vw, 1024px\" \/><\/figure>\n\n\n\n<figure class=\"wp-block-image size-full is-style-ext-preset--image--natural-1--image-1--content-top is-style-ext-preset--image--natural-1--image-1--content-top--7\"><img loading=\"lazy\" decoding=\"async\" width=\"1024\" height=\"1024\" src=\"https:\/\/gvft.de\/wp-content\/uploads\/2026\/02\/serverbild-1.png\" alt=\"\" class=\"wp-image-131\" style=\"aspect-ratio:1;object-fit:cover\" srcset=\"https:\/\/gvft.de\/wp-content\/uploads\/2026\/02\/serverbild-1.png 1024w, https:\/\/gvft.de\/wp-content\/uploads\/2026\/02\/serverbild-1-300x300.png 300w, https:\/\/gvft.de\/wp-content\/uploads\/2026\/02\/serverbild-1-150x150.png 150w, https:\/\/gvft.de\/wp-content\/uploads\/2026\/02\/serverbild-1-768x768.png 768w, https:\/\/gvft.de\/wp-content\/uploads\/2026\/02\/serverbild-1-12x12.png 12w\" sizes=\"auto, (max-width: 1024px) 100vw, 1024px\" \/><\/figure>\n<\/div>\n\n\n\n<div class=\"wp-block-column is-vertically-aligned-top is-layout-flow wp-container-core-column-is-layout-f5bb311e wp-block-column-is-layout-flow\">\n<figure class=\"wp-block-image size-large is-style-ext-preset--image--natural-1--image-1--content-top is-style-ext-preset--image--natural-1--image-1--content-top--8\"><img loading=\"lazy\" decoding=\"async\" width=\"1024\" height=\"683\" src=\"https:\/\/gvft.de\/wp-content\/uploads\/2026\/02\/ChatGPT-Image-14.-Sept.-2025-15_00_23-1024x683.png\" alt=\"\" class=\"wp-image-127\" style=\"aspect-ratio:1;object-fit:cover\" srcset=\"https:\/\/gvft.de\/wp-content\/uploads\/2026\/02\/ChatGPT-Image-14.-Sept.-2025-15_00_23-1024x683.png 1024w, https:\/\/gvft.de\/wp-content\/uploads\/2026\/02\/ChatGPT-Image-14.-Sept.-2025-15_00_23-300x200.png 300w, https:\/\/gvft.de\/wp-content\/uploads\/2026\/02\/ChatGPT-Image-14.-Sept.-2025-15_00_23-768x512.png 768w, https:\/\/gvft.de\/wp-content\/uploads\/2026\/02\/ChatGPT-Image-14.-Sept.-2025-15_00_23-18x12.png 18w, https:\/\/gvft.de\/wp-content\/uploads\/2026\/02\/ChatGPT-Image-14.-Sept.-2025-15_00_23.png 1536w\" sizes=\"auto, (max-width: 1024px) 100vw, 1024px\" \/><\/figure>\n\n\n\n<figure class=\"wp-block-image is-style-ext-preset--image--natural-1--image-1--content-top is-style-ext-preset--image--natural-1--image-1--content-top--9\"><img loading=\"lazy\" decoding=\"async\" width=\"1440\" height=\"859\" src=\"https:\/\/gvft.de\/wp-content\/uploads\/2026\/02\/92cbb17c41f82ff6c86d0c13c64d5119884a05de.jpg\" alt=\"\" class=\"wp-image-46\" style=\"aspect-ratio:1;object-fit:cover\" srcset=\"https:\/\/gvft.de\/wp-content\/uploads\/2026\/02\/92cbb17c41f82ff6c86d0c13c64d5119884a05de.jpg 1440w, https:\/\/gvft.de\/wp-content\/uploads\/2026\/02\/92cbb17c41f82ff6c86d0c13c64d5119884a05de-300x179.jpg 300w, https:\/\/gvft.de\/wp-content\/uploads\/2026\/02\/92cbb17c41f82ff6c86d0c13c64d5119884a05de-1024x611.jpg 1024w, https:\/\/gvft.de\/wp-content\/uploads\/2026\/02\/92cbb17c41f82ff6c86d0c13c64d5119884a05de-768x458.jpg 768w, https:\/\/gvft.de\/wp-content\/uploads\/2026\/02\/92cbb17c41f82ff6c86d0c13c64d5119884a05de-18x12.jpg 18w\" sizes=\"auto, (max-width: 1440px) 100vw, 1440px\" \/><\/figure>\n<\/div>\n<\/div>\n<\/div>\n\n\n\n<div class=\"wp-block-group alignfull is-style-ext-preset--group--natural-1--section has-tertiary-background-color has-background has-global-padding is-layout-constrained wp-container-core-group-is-layout-843e5a6d wp-block-group-is-layout-constrained\" id=\"ueber-uns\" style=\"margin-top:0;margin-bottom:0;padding-top:var(--wp--preset--spacing--70);padding-bottom:var(--wp--preset--spacing--70)\">\n<div class=\"wp-block-group alignwide is-vertical is-content-justification-center is-layout-flex wp-container-core-group-is-layout-c9ee0c5a wp-block-group-is-layout-flex\">\n<div class=\"wp-block-group has-global-padding is-layout-constrained wp-container-core-group-is-layout-2287c683 wp-block-group-is-layout-constrained\">\n<h2 class=\"wp-block-heading has-text-align-center\">Einzigartige Verbindung von Landwirtschaft, Energie und Technologie<\/h2>\n\n\n\n<p class=\"has-text-align-center\">Das Projekt \u201eGerstenberg VERTICAL FUTURE TECH GmbH wird <strong>zum Modell f\u00fcr die Symbiose aus Energie, Ern\u00e4hrung und Digitalisierung<\/strong>. Hier verschmelzen Agri-PV, Fernw\u00e4rme, Aquaponik und Hochleistungsrechnen zu einem europaweit sichtbaren Leuchtturm.<\/p>\n<\/div>\n<\/div>\n\n\n\n<figure class=\"wp-block-image size-large is-style-ext-preset-image-natural-1-image-1--content-any is-style-ext-preset--image--natural-1--image-1--content-any is-style-ext-preset--image--natural-1--image-1--content-any--11\"><img loading=\"lazy\" decoding=\"async\" width=\"1024\" height=\"683\" src=\"https:\/\/gvft.de\/wp-content\/uploads\/2026\/02\/file_000000003c0062468153db45002e68a5-1024x683.png\" alt=\"\" class=\"wp-image-135\" style=\"aspect-ratio:4\/3;object-fit:cover\" srcset=\"https:\/\/gvft.de\/wp-content\/uploads\/2026\/02\/file_000000003c0062468153db45002e68a5-1024x683.png 1024w, https:\/\/gvft.de\/wp-content\/uploads\/2026\/02\/file_000000003c0062468153db45002e68a5-300x200.png 300w, https:\/\/gvft.de\/wp-content\/uploads\/2026\/02\/file_000000003c0062468153db45002e68a5-768x512.png 768w, https:\/\/gvft.de\/wp-content\/uploads\/2026\/02\/file_000000003c0062468153db45002e68a5-18x12.png 18w, https:\/\/gvft.de\/wp-content\/uploads\/2026\/02\/file_000000003c0062468153db45002e68a5.png 1536w\" sizes=\"auto, (max-width: 1024px) 100vw, 1024px\" \/><\/figure>\n<\/div>\n\n\n\n<div class=\"wp-block-group alignfull is-style-ext-preset--group--natural-1--section has-background-background-color has-background has-global-padding is-layout-constrained wp-container-core-group-is-layout-f72f1611 wp-block-group-is-layout-constrained\" id=\"funktionen\" style=\"margin-top:0;margin-bottom:0;padding-top:var(--wp--preset--spacing--70);padding-bottom:var(--wp--preset--spacing--70)\">\n<div class=\"wp-block-group alignwide is-vertical is-layout-flex wp-container-core-group-is-layout-c35747d5 wp-block-group-is-layout-flex\">\n<div class=\"wp-block-group has-global-padding is-layout-constrained wp-container-core-group-is-layout-5e05634a wp-block-group-is-layout-constrained\">\n<h2 class=\"wp-block-heading\">Nachhaltige Innovationen f\u00fcr eine gr\u00fcnere Zukunft<\/h2>\n\n\n\n<p class=\"has-text-align-left\">Erleben Sie die Symbiose von Landwirtschaft, Energie und Digitaltechnik an einem Standort.<\/p>\n<\/div>\n<\/div>\n\n\n\n<div class=\"wp-block-columns alignwide is-layout-flex wp-container-core-columns-is-layout-08c01c1c wp-block-columns-is-layout-flex\">\n<div class=\"wp-block-column is-vertically-aligned-stretch is-layout-flow wp-container-core-column-is-layout-f5bb311e wp-block-column-is-layout-flow\">\n<div class=\"wp-block-group is-style-ext-preset--group--natural-1--item-card-1--align-start has-global-padding is-layout-constrained wp-block-group-is-layout-constrained is-style-ext-preset--group--natural-1--item-card-1--align-start--13\">\n<div class=\"wp-block-group is-style-default has-global-padding is-layout-constrained wp-block-group-is-layout-constrained\">\n<figure class=\"wp-block-image size-large ext-aspect-landscape wp-duotone-primary-foreground\"><img decoding=\"async\" src=\"data:image\/svg+xml;base64,PHN2ZyB4bWxucz0iaHR0cDovL3d3dy53My5vcmcvMjAwMC9zdmciIHdpZHRoPSI0OCIgaGVpZ2h0PSI0OCIgZmlsbD0iIzAwMDAwMCIgdmlld0JveD0iMCAwIDI1NiAyNTYiPjxwYXRoIGQ9Ik0xNzIsNzZhNDQsNDQsMCwxLDAtNDQsNDRBNDQuMDUsNDQuMDUsMCwwLDAsMTcyLDc2Wm0tNDQsMjhhMjgsMjgsMCwxLDEsMjgtMjhBMjgsMjgsMCwwLDEsMTI4LDEwNFptNjAsMjRhNDQsNDQsMCwxLDAsNDQsNDRBNDQuMDUsNDQuMDUsMCwwLDAsMTg4LDEyOFptMCw3MmEyOCwyOCwwLDEsMSwyOC0yOEEyOCwyOCwwLDAsMSwxODgsMjAwWk02OCwxMjhhNDQsNDQsMCwxLDAsNDQsNDRBNDQuMDUsNDQuMDUsMCwwLDAsNjgsMTI4Wm0wLDcyYTI4LDI4LDAsMSwxLDI4LTI4QTI4LDI4LDAsMCwxLDY4LDIwMFoiPjwvcGF0aD48L3N2Zz4=\" alt=\"\" style=\"object-fit:cover\"\/><\/figure>\n\n\n\n<h3 class=\"wp-block-heading has-text-align-center\">Technologie<\/h3>\n\n\n\n<p class=\"has-text-align-center\"><strong>Agri-PV-Anlagen<\/strong> mit nachf\u00fchrbaren Modulen, <strong>W\u00e4rmespeicher<\/strong> und <strong>Gro\u00dfw\u00e4rmepumpen<\/strong>, <strong>Aquaponik-Systeme<\/strong> mit Fisch- und Pflanzenproduktion sowie ein <strong>HPC-Campus<\/strong> als digitaler Motor \u2013 alles integriert in einem geschlossenen Kreislauf.<\/p>\n<\/div>\n<\/div>\n<\/div>\n\n\n\n<div class=\"wp-block-column is-vertically-aligned-stretch is-layout-flow wp-container-core-column-is-layout-f5bb311e wp-block-column-is-layout-flow\">\n<div class=\"wp-block-group is-style-ext-preset--group--natural-1--item-card-1--align-start has-global-padding is-layout-constrained wp-block-group-is-layout-constrained is-style-ext-preset--group--natural-1--item-card-1--align-start--14\">\n<div class=\"wp-block-group is-style-default has-global-padding is-layout-constrained wp-block-group-is-layout-constrained\">\n<figure class=\"wp-block-image size-large ext-aspect-landscape wp-duotone-primary-foreground\"><img decoding=\"async\" src=\"data:image\/svg+xml;base64,PHN2ZyB4bWxucz0iaHR0cDovL3d3dy53My5vcmcvMjAwMC9zdmciIHdpZHRoPSI0OCIgaGVpZ2h0PSI0OCIgZmlsbD0iIzAwMDAwMCIgdmlld0JveD0iMCAwIDI1NiAyNTYiPjxwYXRoIGQ9Ik04MCw0MGE0MCw0MCwwLDEsMCw0MCw0MEE0MCw0MCwwLDAsMCw4MCw0MFptMCw2NGEyNCwyNCwwLDEsMSwyNC0yNEEyNCwyNCwwLDAsMSw4MCwxMDRabTk2LDE2YTQwLDQwLDAsMSwwLTQwLTQwQTQwLDQwLDAsMCwwLDE3NiwxMjBabTAtNjRhMjQsMjQsMCwxLDEtMjQsMjRBMjQsMjQsMCwwLDEsMTc2LDU2Wk04MCwxMzZhNDAsNDAsMCwxLDAsNDAsNDBBNDAsNDAsMCwwLDAsODAsMTM2Wm0wLDY0YTI0LDI0LDAsMSwxLDI0LTI0QTI0LDI0LDAsMCwxLDgwLDIwMFptOTYtNjRhNDAsNDAsMCwxLDAsNDAsNDBBNDAsNDAsMCwwLDAsMTc2LDEzNlptMCw2NGEyNCwyNCwwLDEsMSwyNC0yNEEyNCwyNCwwLDAsMSwxNzYsMjAwWiI+PC9wYXRoPjwvc3ZnPg==\" alt=\"\" style=\"object-fit:cover\"\/><\/figure>\n\n\n\n<h3 class=\"wp-block-heading has-text-align-center\">Nachhaltigkeit<\/h3>\n\n\n\n<p class=\"has-text-align-center\">Klimaneutrale Energie, Kreislaufwirtschaft in der Nahrungsmittelproduktion, Abw\u00e4rmenutzung im Rechenzentrum \u2013 das Projekt zeigt, wie <strong>echte Zero-Carbon-Infrastrukturen<\/strong> funktionieren.<\/p>\n<\/div>\n<\/div>\n<\/div>\n\n\n\n<div class=\"wp-block-column is-vertically-aligned-stretch is-layout-flow wp-container-core-column-is-layout-f5bb311e wp-block-column-is-layout-flow\">\n<div class=\"wp-block-group is-style-ext-preset--group--natural-1--item-card-1--align-start has-global-padding is-layout-constrained wp-block-group-is-layout-constrained is-style-ext-preset--group--natural-1--item-card-1--align-start--15\">\n<div class=\"wp-block-group is-style-default has-global-padding is-layout-constrained wp-block-group-is-layout-constrained\">\n<figure class=\"wp-block-image size-large ext-aspect-landscape wp-duotone-primary-foreground\"><img decoding=\"async\" src=\"data:image\/svg+xml;base64,PHN2ZyB4bWxucz0iaHR0cDovL3d3dy53My5vcmcvMjAwMC9zdmciIHdpZHRoPSI0OCIgaGVpZ2h0PSI0OCIgZmlsbD0iIzAwMDAwMCIgdmlld0JveD0iMCAwIDI1NiAyNTYiPjxwYXRoIGQ9Ik04MCw0MGE0MCw0MCwwLDEsMCw0MCw0MEE0MCw0MCwwLDAsMCw4MCw0MFptMCw2NGEyNCwyNCwwLDEsMSwyNC0yNEEyNCwyNCwwLDAsMSw4MCwxMDRabTk2LDE2YTQwLDQwLDAsMSwwLTQwLTQwQTQwLDQwLDAsMCwwLDE3NiwxMjBabTAtNjRhMjQsMjQsMCwxLDEtMjQsMjRBMjQsMjQsMCwwLDEsMTc2LDU2Wk04MCwxMzZhNDAsNDAsMCwxLDAsNDAsNDBBNDAsNDAsMCwwLDAsODAsMTM2Wm0wLDY0YTI0LDI0LDAsMSwxLDI0LTI0QTI0LDI0LDAsMCwxLDgwLDIwMFptMTM2LTI0YTgsOCwwLDAsMS04LDhIMTg0djI0YTgsOCwwLDAsMS0xNiwwVjE4NEgxNDRhOCw4LDAsMCwxLDAtMTZoMjRWMTQ0YTgsOCwwLDAsMSwxNiwwdjI0aDI0QTgsOCwwLDAsMSwyMTYsMTc2WiI+PC9wYXRoPjwvc3ZnPg==\" alt=\"\" style=\"object-fit:cover\"\/><\/figure>\n\n\n\n<h3 class=\"wp-block-heading has-text-align-center\">Arbeitspl\u00e4tze<\/h3>\n\n\n\n<p class=\"has-text-align-center\">Hohe Besch\u00e4ftigungseffekte, Fachkr\u00e4ftebindung und Know-how-Aufbau machen den Standort attraktiv f\u00fcr <strong>Langfristinvestitionen und Clusterentwicklung<\/strong>.<\/p>\n<\/div>\n<\/div>\n<\/div>\n<\/div>\n<\/div>","protected":false},"excerpt":{"rendered":"<p>Nachhaltige Innovationen f\u00fcr das Altenburger Land Entdecken Sie inspirierende Aufnahmen, die die Symbiose von Technologie, Natur und Energie eindrucksvoll darstellen. Einzigartige Verbindung von Landwirtschaft, Energie und Technologie Das Projekt \u201eGerstenberg VERTICAL FUTURE TECH GmbH wird zum Modell f\u00fcr die Symbiose aus Energie, Ern\u00e4hrung und Digitalisierung. Hier verschmelzen Agri-PV, Fernw\u00e4rme, Aquaponik und Hochleistungsrechnen zu einem europaweit [&hellip;]<\/p>\n","protected":false},"author":1,"featured_media":0,"parent":0,"menu_order":0,"comment_status":"closed","ping_status":"closed","template":"page-with-title","meta":{"footnotes":""},"class_list":["post-21","page","type-page","status-publish","hentry"],"_links":{"self":[{"href":"https:\/\/gvft.de\/en\/wp-json\/wp\/v2\/pages\/21","targetHints":{"allow":["GET"]}}],"collection":[{"href":"https:\/\/gvft.de\/en\/wp-json\/wp\/v2\/pages"}],"about":[{"href":"https:\/\/gvft.de\/en\/wp-json\/wp\/v2\/types\/page"}],"author":[{"embeddable":true,"href":"https:\/\/gvft.de\/en\/wp-json\/wp\/v2\/users\/1"}],"replies":[{"embeddable":true,"href":"https:\/\/gvft.de\/en\/wp-json\/wp\/v2\/comments?post=21"}],"version-history":[{"count":23,"href":"https:\/\/gvft.de\/en\/wp-json\/wp\/v2\/pages\/21\/revisions"}],"predecessor-version":[{"id":153,"href":"https:\/\/gvft.de\/en\/wp-json\/wp\/v2\/pages\/21\/revisions\/153"}],"wp:attachment":[{"href":"https:\/\/gvft.de\/en\/wp-json\/wp\/v2\/media?parent=21"}],"curies":[{"name":"wp","href":"https:\/\/api.w.org\/{rel}","templated":true}]}}