{"id":22,"date":"2026-02-01T12:15:51","date_gmt":"2026-02-01T12:15:51","guid":{"rendered":"https:\/\/gvft.de\/portfolio\/"},"modified":"2026-02-03T20:45:09","modified_gmt":"2026-02-03T20:45:09","slug":"portfolio","status":"publish","type":"page","link":"https:\/\/gvft.de\/en\/portfolio\/","title":{"rendered":"Portfolio"},"content":{"rendered":"<div class=\"wp-block-group alignfull is-style-ext-preset--group--natural-1--section has-background-background-color has-background has-global-padding is-layout-constrained wp-container-core-group-is-layout-6714b1d7 wp-block-group-is-layout-constrained\" id=\"ueber-uns\" style=\"margin-top:0;margin-bottom:0;padding-top:var(--wp--preset--spacing--70);padding-bottom:var(--wp--preset--spacing--70)\">\n<div class=\"wp-block-group alignwide is-vertical is-content-justification-center is-layout-flex wp-container-core-group-is-layout-c9ee0c5a wp-block-group-is-layout-flex\">\n<div class=\"wp-block-group has-global-padding is-layout-constrained wp-container-core-group-is-layout-2287c683 wp-block-group-is-layout-constrained\">\n<h2 class=\"wp-block-heading has-text-align-center\">Fortschrittliche Verbindung von Landwirtschaft, Energie und Technologie<\/h2>\n\n\n\n<p class=\"has-text-align-center\">Gerstenberg Vertical Future Tech verbindet Zukunftstechnologien, um das Altenburger Land klimaneutral und zukunftsf\u00e4hig zu gestalten. Wir schaffen nachhaltige Synergien zwischen Produktion, Energie und Digitalisierung.<\/p>\n<\/div>\n<\/div>\n\n\n\n<div class=\"wp-block-columns alignwide is-layout-flex wp-container-core-columns-is-layout-28f84493 wp-block-columns-is-layout-flex\">\n<div class=\"wp-block-column is-layout-flow wp-block-column-is-layout-flow\">\n<figure class=\"wp-block-image size-full is-style-ext-preset-image-natural-1-image-1--content-bottom is-style-ext-preset--image--natural-1--image-1--content-bottom is-style-ext-preset--image--natural-1--image-1--content-bottom--2\"><img loading=\"lazy\" decoding=\"async\" width=\"1024\" height=\"1024\" src=\"https:\/\/gvft.de\/wp-content\/uploads\/2026\/02\/ChatGPT-Image-17.-Sept.-2025-22_11_36.png\" alt=\"\" class=\"wp-image-234\" style=\"aspect-ratio:3\/4;object-fit:cover\" srcset=\"https:\/\/gvft.de\/wp-content\/uploads\/2026\/02\/ChatGPT-Image-17.-Sept.-2025-22_11_36.png 1024w, https:\/\/gvft.de\/wp-content\/uploads\/2026\/02\/ChatGPT-Image-17.-Sept.-2025-22_11_36-300x300.png 300w, https:\/\/gvft.de\/wp-content\/uploads\/2026\/02\/ChatGPT-Image-17.-Sept.-2025-22_11_36-150x150.png 150w, https:\/\/gvft.de\/wp-content\/uploads\/2026\/02\/ChatGPT-Image-17.-Sept.-2025-22_11_36-768x768.png 768w, https:\/\/gvft.de\/wp-content\/uploads\/2026\/02\/ChatGPT-Image-17.-Sept.-2025-22_11_36-12x12.png 12w\" sizes=\"auto, (max-width: 1024px) 100vw, 1024px\" \/><\/figure>\n<\/div>\n\n\n\n<div class=\"wp-block-column is-layout-flow wp-block-column-is-layout-flow\">\n<figure class=\"wp-block-image size-large is-style-ext-preset-image-natural-1-image-1--content-bottom is-style-ext-preset--image--natural-1--image-1--content-bottom is-style-ext-preset--image--natural-1--image-1--content-bottom--3\"><img loading=\"lazy\" decoding=\"async\" width=\"1024\" height=\"683\" src=\"https:\/\/gvft.de\/wp-content\/uploads\/2026\/02\/file_000000003c0062468153db45002e68a5-1-1024x683.png\" alt=\"\" class=\"wp-image-232\" style=\"aspect-ratio:3\/4;object-fit:cover\" srcset=\"https:\/\/gvft.de\/wp-content\/uploads\/2026\/02\/file_000000003c0062468153db45002e68a5-1-1024x683.png 1024w, https:\/\/gvft.de\/wp-content\/uploads\/2026\/02\/file_000000003c0062468153db45002e68a5-1-300x200.png 300w, https:\/\/gvft.de\/wp-content\/uploads\/2026\/02\/file_000000003c0062468153db45002e68a5-1-768x512.png 768w, https:\/\/gvft.de\/wp-content\/uploads\/2026\/02\/file_000000003c0062468153db45002e68a5-1-18x12.png 18w, https:\/\/gvft.de\/wp-content\/uploads\/2026\/02\/file_000000003c0062468153db45002e68a5-1.png 1536w\" sizes=\"auto, (max-width: 1024px) 100vw, 1024px\" \/><\/figure>\n<\/div>\n\n\n\n<div class=\"wp-block-column is-layout-flow wp-block-column-is-layout-flow\">\n<figure class=\"wp-block-image size-large is-style-ext-preset-image-natural-1-image-1--content-bottom is-style-ext-preset--image--natural-1--image-1--content-bottom is-style-ext-preset--image--natural-1--image-1--content-bottom--4\"><img loading=\"lazy\" decoding=\"async\" width=\"1024\" height=\"683\" src=\"https:\/\/gvft.de\/wp-content\/uploads\/2026\/02\/file_00000000e7187246ac59e3f2a941d7a5-2-1024x683.png\" alt=\"\" class=\"wp-image-188\" style=\"aspect-ratio:3\/4;object-fit:cover\" srcset=\"https:\/\/gvft.de\/wp-content\/uploads\/2026\/02\/file_00000000e7187246ac59e3f2a941d7a5-2-1024x683.png 1024w, https:\/\/gvft.de\/wp-content\/uploads\/2026\/02\/file_00000000e7187246ac59e3f2a941d7a5-2-300x200.png 300w, https:\/\/gvft.de\/wp-content\/uploads\/2026\/02\/file_00000000e7187246ac59e3f2a941d7a5-2-768x512.png 768w, https:\/\/gvft.de\/wp-content\/uploads\/2026\/02\/file_00000000e7187246ac59e3f2a941d7a5-2-18x12.png 18w, https:\/\/gvft.de\/wp-content\/uploads\/2026\/02\/file_00000000e7187246ac59e3f2a941d7a5-2.png 1536w\" sizes=\"auto, (max-width: 1024px) 100vw, 1024px\" \/><\/figure>\n<\/div>\n<\/div>\n<\/div>\n\n\n\n<div class=\"wp-block-group alignfull is-style-ext-preset--group--natural-1--section has-tertiary-background-color has-background has-global-padding is-layout-constrained wp-container-core-group-is-layout-e955bbaf wp-block-group-is-layout-constrained\" id=\"funktionen\" style=\"margin-top:0;margin-bottom:0;padding-top:var(--wp--preset--spacing--70);padding-bottom:var(--wp--preset--spacing--70)\">\n<div class=\"wp-block-group alignwide is-vertical is-layout-flex wp-container-core-group-is-layout-c35747d5 wp-block-group-is-layout-flex\">\n<div class=\"wp-block-group has-global-padding is-layout-constrained wp-container-core-group-is-layout-5e05634a wp-block-group-is-layout-constrained\">\n<h2 class=\"wp-block-heading\">Nachhaltige Energie- und Lebensmittelinnovationen vor Ort<\/h2>\n\n\n\n<p class=\"has-text-align-left\">Gerstenberg Vertical Future Tech verbindet Landwirtschaft, Energie, Fischzucht und Rechenzentren zu einer einzigartigen L\u00f6sung f\u00fcr eine nachhaltige Zukunft.<\/p>\n<\/div>\n<\/div>\n\n\n\n<div class=\"wp-block-columns alignwide is-layout-flex wp-container-core-columns-is-layout-87beb0d0 wp-block-columns-is-layout-flex\">\n<div class=\"wp-block-column is-vertically-aligned-stretch is-layout-flow wp-container-core-column-is-layout-119bc444 wp-block-column-is-layout-flow\">\n<div class=\"wp-block-media-text is-stacked-on-mobile is-image-fill-element is-style-ext-preset--media-text--natural-1--card-1 has-background-background-color has-background is-style-ext-preset--media-text--natural-1--card-1--6\"><figure class=\"wp-block-media-text__media\"><img loading=\"lazy\" decoding=\"async\" width=\"1024\" height=\"683\" src=\"https:\/\/gvft.de\/wp-content\/uploads\/2026\/02\/Landwirt-vor-Hologrammchart-1024x683.jpg\" alt=\"\" class=\"wp-image-201 size-full\" style=\"object-position:50% 50%\" srcset=\"https:\/\/gvft.de\/wp-content\/uploads\/2026\/02\/Landwirt-vor-Hologrammchart-1024x683.jpg 1024w, https:\/\/gvft.de\/wp-content\/uploads\/2026\/02\/Landwirt-vor-Hologrammchart-300x200.jpg 300w, https:\/\/gvft.de\/wp-content\/uploads\/2026\/02\/Landwirt-vor-Hologrammchart-768x512.jpg 768w, https:\/\/gvft.de\/wp-content\/uploads\/2026\/02\/Landwirt-vor-Hologrammchart-18x12.jpg 18w, https:\/\/gvft.de\/wp-content\/uploads\/2026\/02\/Landwirt-vor-Hologrammchart.jpg 1536w\" sizes=\"auto, (max-width: 1024px) 100vw, 1024px\" \/><\/figure><div class=\"wp-block-media-text__content\">\n<div class=\"wp-block-group is-style-default has-global-padding is-layout-constrained wp-container-core-group-is-layout-9a7b35d3 wp-block-group-is-layout-constrained\" style=\"padding-top:var(--wp--preset--spacing--40);padding-right:var(--wp--preset--spacing--30);padding-bottom:var(--wp--preset--spacing--40);padding-left:var(--wp--preset--spacing--30)\">\n<h3 class=\"wp-block-heading\" style=\"font-size:clamp(15.747px, 0.984rem + ((1vw - 3.2px) * 0.86), 24px);\">Integrierte Landwirtschaft<\/h3>\n\n\n\n<p class=\"has-small-font-size\">Auf 70 Hektar verbinden wir Landwirtschaft und PV-Betrieb zu einem robusten, datenbasierten Fl\u00e4chenkonzept.<\/p>\n<\/div>\n<\/div><\/div>\n<\/div>\n\n\n\n<div class=\"wp-block-column is-vertically-aligned-stretch is-layout-flow wp-container-core-column-is-layout-119bc444 wp-block-column-is-layout-flow\">\n<div class=\"wp-block-media-text is-stacked-on-mobile is-image-fill-element is-style-ext-preset--media-text--natural-1--card-1 has-background-background-color has-background is-style-ext-preset--media-text--natural-1--card-1--7\"><figure class=\"wp-block-media-text__media\"><img loading=\"lazy\" decoding=\"async\" width=\"1440\" height=\"810\" src=\"https:\/\/gvft.de\/wp-content\/uploads\/2026\/02\/e269e40bf5d4f4cc4891ecf5997ae1bed5c4f954.jpg\" alt=\"\" class=\"wp-image-35 size-full\" style=\"object-position:50% 50%\" srcset=\"https:\/\/gvft.de\/wp-content\/uploads\/2026\/02\/e269e40bf5d4f4cc4891ecf5997ae1bed5c4f954.jpg 1440w, https:\/\/gvft.de\/wp-content\/uploads\/2026\/02\/e269e40bf5d4f4cc4891ecf5997ae1bed5c4f954-300x169.jpg 300w, https:\/\/gvft.de\/wp-content\/uploads\/2026\/02\/e269e40bf5d4f4cc4891ecf5997ae1bed5c4f954-1024x576.jpg 1024w, https:\/\/gvft.de\/wp-content\/uploads\/2026\/02\/e269e40bf5d4f4cc4891ecf5997ae1bed5c4f954-768x432.jpg 768w, https:\/\/gvft.de\/wp-content\/uploads\/2026\/02\/e269e40bf5d4f4cc4891ecf5997ae1bed5c4f954-18x10.jpg 18w\" sizes=\"auto, (max-width: 1440px) 100vw, 1440px\" \/><\/figure><div class=\"wp-block-media-text__content\">\n<div class=\"wp-block-group is-style-default has-global-padding is-layout-constrained wp-container-core-group-is-layout-9a7b35d3 wp-block-group-is-layout-constrained\" style=\"padding-top:var(--wp--preset--spacing--40);padding-right:var(--wp--preset--spacing--30);padding-bottom:var(--wp--preset--spacing--40);padding-left:var(--wp--preset--spacing--30)\">\n<h3 class=\"wp-block-heading\" style=\"font-size:clamp(15.747px, 0.984rem + ((1vw - 3.2px) * 0.86), 24px);\">Klimaneutrale Energieerzeugung<\/h3>\n\n\n\n<p class=\"has-small-font-size\">Unsere Energie wird im Campus zum Kreislauf: erzeugen, speichern und als W\u00e4rme\/K\u00e4lte nutzbar machen \u2013 effizient und regional..<\/p>\n<\/div>\n<\/div><\/div>\n<\/div>\n<\/div>\n\n\n\n<div class=\"wp-block-columns alignwide is-layout-flex wp-container-core-columns-is-layout-e12f0bcd wp-block-columns-is-layout-flex\" style=\"margin-top:var(--wp--preset--spacing--30)\">\n<div class=\"wp-block-column is-layout-flow wp-container-core-column-is-layout-119bc444 wp-block-column-is-layout-flow\">\n<div class=\"wp-block-media-text is-stacked-on-mobile is-image-fill-element is-style-ext-preset--media-text--natural-1--card-1 has-background-background-color has-background is-style-ext-preset--media-text--natural-1--card-1--8\"><figure class=\"wp-block-media-text__media\"><img loading=\"lazy\" decoding=\"async\" width=\"1024\" height=\"683\" src=\"https:\/\/gvft.de\/wp-content\/uploads\/2026\/02\/35m-rechteck-Bassin-1-1024x683.jpg\" alt=\"\" class=\"wp-image-209 size-full\" style=\"object-position:50% 50%\" srcset=\"https:\/\/gvft.de\/wp-content\/uploads\/2026\/02\/35m-rechteck-Bassin-1-1024x683.jpg 1024w, https:\/\/gvft.de\/wp-content\/uploads\/2026\/02\/35m-rechteck-Bassin-1-300x200.jpg 300w, https:\/\/gvft.de\/wp-content\/uploads\/2026\/02\/35m-rechteck-Bassin-1-768x512.jpg 768w, https:\/\/gvft.de\/wp-content\/uploads\/2026\/02\/35m-rechteck-Bassin-1-18x12.jpg 18w, https:\/\/gvft.de\/wp-content\/uploads\/2026\/02\/35m-rechteck-Bassin-1.jpg 1536w\" sizes=\"auto, (max-width: 1024px) 100vw, 1024px\" \/><\/figure><div class=\"wp-block-media-text__content\">\n<div class=\"wp-block-group is-style-default has-global-padding is-layout-constrained wp-container-core-group-is-layout-9a7b35d3 wp-block-group-is-layout-constrained\" style=\"padding-top:var(--wp--preset--spacing--40);padding-right:var(--wp--preset--spacing--30);padding-bottom:var(--wp--preset--spacing--40);padding-left:var(--wp--preset--spacing--30)\">\n<h3 class=\"wp-block-heading\" style=\"font-size:clamp(15.747px, 0.984rem + ((1vw - 3.2px) * 0.86), 24px);\">Fischzucht im Kreislaufsystem<\/h3>\n\n\n\n<p class=\"has-small-font-size\">Ganzj\u00e4hrige Aufzucht in gesch\u00fctzten Kreisl\u00e4ufen \u2013 transparent, lokal und konsequent auf Premium-Qualit\u00e4t ausgelegt.<\/p>\n<\/div>\n<\/div><\/div>\n<\/div>\n\n\n\n<div class=\"wp-block-column is-layout-flow wp-container-core-column-is-layout-119bc444 wp-block-column-is-layout-flow\">\n<div class=\"wp-block-media-text is-stacked-on-mobile is-image-fill-element is-style-ext-preset--media-text--natural-1--card-1 has-background-background-color has-background is-style-ext-preset--media-text--natural-1--card-1--9\"><figure class=\"wp-block-media-text__media\"><img loading=\"lazy\" decoding=\"async\" width=\"1024\" height=\"683\" src=\"https:\/\/gvft.de\/wp-content\/uploads\/2026\/02\/ChatGPT-Image-24.-Sept.-2025-07_01_53-1024x683.png\" alt=\"\" class=\"wp-image-259 size-full\" style=\"object-position:50% 50%\" srcset=\"https:\/\/gvft.de\/wp-content\/uploads\/2026\/02\/ChatGPT-Image-24.-Sept.-2025-07_01_53-1024x683.png 1024w, https:\/\/gvft.de\/wp-content\/uploads\/2026\/02\/ChatGPT-Image-24.-Sept.-2025-07_01_53-300x200.png 300w, https:\/\/gvft.de\/wp-content\/uploads\/2026\/02\/ChatGPT-Image-24.-Sept.-2025-07_01_53-768x512.png 768w, https:\/\/gvft.de\/wp-content\/uploads\/2026\/02\/ChatGPT-Image-24.-Sept.-2025-07_01_53-18x12.png 18w, https:\/\/gvft.de\/wp-content\/uploads\/2026\/02\/ChatGPT-Image-24.-Sept.-2025-07_01_53.png 1536w\" sizes=\"auto, (max-width: 1024px) 100vw, 1024px\" \/><\/figure><div class=\"wp-block-media-text__content\">\n<div class=\"wp-block-group is-style-default has-global-padding is-layout-constrained wp-container-core-group-is-layout-9a7b35d3 wp-block-group-is-layout-constrained\" style=\"padding-top:var(--wp--preset--spacing--40);padding-right:var(--wp--preset--spacing--30);padding-bottom:var(--wp--preset--spacing--40);padding-left:var(--wp--preset--spacing--30)\">\n<h3 class=\"wp-block-heading\" style=\"font-size:clamp(15.747px, 0.984rem + ((1vw - 3.2px) * 0.86), 24px);\">Hochleistungsrechenzentren<\/h3>\n\n\n\n<p class=\"has-small-font-size\">Digitale Infrastruktur unterst\u00fctzt Zukunftstechnologien mit minimalem Energieverbrauch.<\/p>\n<\/div>\n<\/div><\/div>\n<\/div>\n<\/div>\n<\/div>\n\n\n\n<div class=\"wp-block-group alignfull is-style-ext-preset--group--natural-1--section has-background-background-color has-background has-global-padding is-layout-constrained wp-container-core-group-is-layout-f72f1611 wp-block-group-is-layout-constrained\" id=\"galerie\" style=\"margin-top:0;margin-bottom:0;padding-top:var(--wp--preset--spacing--70);padding-bottom:var(--wp--preset--spacing--70)\">\n<div class=\"wp-block-group alignwide is-vertical is-layout-flex wp-container-core-group-is-layout-c35747d5 wp-block-group-is-layout-flex\">\n<div class=\"wp-block-group has-global-padding is-layout-constrained wp-container-core-group-is-layout-5e05634a wp-block-group-is-layout-constrained\">\n<h2 class=\"wp-block-heading\">Innovation f\u00fcr nachhaltige Agrar- und Energietechnologien<\/h2>\n\n\n\n<p class=\"has-text-align-left\">Hier pr\u00e4sentieren wir eindrucksvolle Fotos, die das einzigartige Zusammenspiel unserer zukunftsweisenden Projekte veranschaulichen.<\/p>\n<\/div>\n<\/div>\n\n\n\n<div class=\"wp-block-columns alignwide is-layout-flex wp-container-core-columns-is-layout-87beb0d0 wp-block-columns-is-layout-flex\">\n<div class=\"wp-block-column is-vertically-aligned-top is-layout-flow wp-container-core-column-is-layout-f5bb311e wp-block-column-is-layout-flow\">\n<figure class=\"wp-block-image is-style-ext-preset--image--natural-1--image-1--content-bottom is-style-ext-preset--image--natural-1--image-1--content-bottom--11\"><img loading=\"lazy\" decoding=\"async\" width=\"1440\" height=\"810\" src=\"https:\/\/gvft.de\/wp-content\/uploads\/2026\/02\/e269e40bf5d4f4cc4891ecf5997ae1bed5c4f954.jpg\" alt=\"\" class=\"wp-image-35\" style=\"aspect-ratio:1;object-fit:cover\" srcset=\"https:\/\/gvft.de\/wp-content\/uploads\/2026\/02\/e269e40bf5d4f4cc4891ecf5997ae1bed5c4f954.jpg 1440w, https:\/\/gvft.de\/wp-content\/uploads\/2026\/02\/e269e40bf5d4f4cc4891ecf5997ae1bed5c4f954-300x169.jpg 300w, https:\/\/gvft.de\/wp-content\/uploads\/2026\/02\/e269e40bf5d4f4cc4891ecf5997ae1bed5c4f954-1024x576.jpg 1024w, https:\/\/gvft.de\/wp-content\/uploads\/2026\/02\/e269e40bf5d4f4cc4891ecf5997ae1bed5c4f954-768x432.jpg 768w, https:\/\/gvft.de\/wp-content\/uploads\/2026\/02\/e269e40bf5d4f4cc4891ecf5997ae1bed5c4f954-18x10.jpg 18w\" sizes=\"auto, (max-width: 1440px) 100vw, 1440px\" \/><\/figure>\n\n\n\n<figure class=\"wp-block-image size-large is-style-ext-preset--image--natural-1--image-1--content-right is-style-ext-preset--image--natural-1--image-1--content-right--12\"><img loading=\"lazy\" decoding=\"async\" width=\"1024\" height=\"683\" src=\"https:\/\/gvft.de\/wp-content\/uploads\/2026\/02\/file_00000000da787246b73a35560ffa4393-2-1-1024x683.png\" alt=\"\" class=\"wp-image-219\" style=\"aspect-ratio:4\/3;object-fit:cover\" srcset=\"https:\/\/gvft.de\/wp-content\/uploads\/2026\/02\/file_00000000da787246b73a35560ffa4393-2-1-1024x683.png 1024w, https:\/\/gvft.de\/wp-content\/uploads\/2026\/02\/file_00000000da787246b73a35560ffa4393-2-1-300x200.png 300w, https:\/\/gvft.de\/wp-content\/uploads\/2026\/02\/file_00000000da787246b73a35560ffa4393-2-1-768x512.png 768w, https:\/\/gvft.de\/wp-content\/uploads\/2026\/02\/file_00000000da787246b73a35560ffa4393-2-1-18x12.png 18w, https:\/\/gvft.de\/wp-content\/uploads\/2026\/02\/file_00000000da787246b73a35560ffa4393-2-1.png 1536w\" sizes=\"auto, (max-width: 1024px) 100vw, 1024px\" \/><\/figure>\n<\/div>\n\n\n\n<div class=\"wp-block-column is-vertically-aligned-top is-layout-flow wp-container-core-column-is-layout-f5bb311e wp-block-column-is-layout-flow\">\n<figure class=\"wp-block-image size-large is-style-ext-preset--image--natural-1--image-1--content-left is-style-ext-preset--image--natural-1--image-1--content-left--13\"><img loading=\"lazy\" decoding=\"async\" width=\"1024\" height=\"682\" src=\"https:\/\/gvft.de\/wp-content\/uploads\/2026\/02\/file_00000000bb7c72469fb46f741143f904-3-1024x682.png\" alt=\"\" class=\"wp-image-221\" style=\"aspect-ratio:4\/3;object-fit:cover\" srcset=\"https:\/\/gvft.de\/wp-content\/uploads\/2026\/02\/file_00000000bb7c72469fb46f741143f904-3-1024x682.png 1024w, https:\/\/gvft.de\/wp-content\/uploads\/2026\/02\/file_00000000bb7c72469fb46f741143f904-3-300x200.png 300w, https:\/\/gvft.de\/wp-content\/uploads\/2026\/02\/file_00000000bb7c72469fb46f741143f904-3-768x512.png 768w, https:\/\/gvft.de\/wp-content\/uploads\/2026\/02\/file_00000000bb7c72469fb46f741143f904-3-18x12.png 18w, https:\/\/gvft.de\/wp-content\/uploads\/2026\/02\/file_00000000bb7c72469fb46f741143f904-3.png 1075w\" sizes=\"auto, (max-width: 1024px) 100vw, 1024px\" \/><\/figure>\n\n\n\n<figure class=\"wp-block-image size-large is-style-ext-preset--image--natural-1--image-1--content-left is-style-ext-preset--image--natural-1--image-1--content-left--14\"><img loading=\"lazy\" decoding=\"async\" width=\"1024\" height=\"683\" src=\"https:\/\/gvft.de\/wp-content\/uploads\/2026\/02\/ChatGPT-Image-14.-Sept.-2025-15_19_36-1024x683.png\" alt=\"\" class=\"wp-image-223\" style=\"aspect-ratio:1;object-fit:cover\" srcset=\"https:\/\/gvft.de\/wp-content\/uploads\/2026\/02\/ChatGPT-Image-14.-Sept.-2025-15_19_36-1024x683.png 1024w, https:\/\/gvft.de\/wp-content\/uploads\/2026\/02\/ChatGPT-Image-14.-Sept.-2025-15_19_36-300x200.png 300w, https:\/\/gvft.de\/wp-content\/uploads\/2026\/02\/ChatGPT-Image-14.-Sept.-2025-15_19_36-768x512.png 768w, https:\/\/gvft.de\/wp-content\/uploads\/2026\/02\/ChatGPT-Image-14.-Sept.-2025-15_19_36-18x12.png 18w, https:\/\/gvft.de\/wp-content\/uploads\/2026\/02\/ChatGPT-Image-14.-Sept.-2025-15_19_36.png 1536w\" sizes=\"auto, (max-width: 1024px) 100vw, 1024px\" \/><\/figure>\n<\/div>\n<\/div>\n<\/div>","protected":false},"excerpt":{"rendered":"<p>Fortschrittliche Verbindung von Landwirtschaft, Energie und Technologie Gerstenberg Vertical Future Tech verbindet Zukunftstechnologien, um das Altenburger Land klimaneutral und zukunftsf\u00e4hig zu gestalten. Wir schaffen nachhaltige Synergien zwischen Produktion, Energie und Digitalisierung. Nachhaltige Energie- und Lebensmittelinnovationen vor Ort Gerstenberg Vertical Future Tech verbindet Landwirtschaft, Energie, Fischzucht und Rechenzentren zu einer einzigartigen L\u00f6sung f\u00fcr eine nachhaltige Zukunft. [&hellip;]<\/p>\n","protected":false},"author":1,"featured_media":0,"parent":0,"menu_order":0,"comment_status":"closed","ping_status":"closed","template":"page-with-title","meta":{"footnotes":""},"class_list":["post-22","page","type-page","status-publish","hentry"],"_links":{"self":[{"href":"https:\/\/gvft.de\/en\/wp-json\/wp\/v2\/pages\/22","targetHints":{"allow":["GET"]}}],"collection":[{"href":"https:\/\/gvft.de\/en\/wp-json\/wp\/v2\/pages"}],"about":[{"href":"https:\/\/gvft.de\/en\/wp-json\/wp\/v2\/types\/page"}],"author":[{"embeddable":true,"href":"https:\/\/gvft.de\/en\/wp-json\/wp\/v2\/users\/1"}],"replies":[{"embeddable":true,"href":"https:\/\/gvft.de\/en\/wp-json\/wp\/v2\/comments?post=22"}],"version-history":[{"count":35,"href":"https:\/\/gvft.de\/en\/wp-json\/wp\/v2\/pages\/22\/revisions"}],"predecessor-version":[{"id":261,"href":"https:\/\/gvft.de\/en\/wp-json\/wp\/v2\/pages\/22\/revisions\/261"}],"wp:attachment":[{"href":"https:\/\/gvft.de\/en\/wp-json\/wp\/v2\/media?parent=22"}],"curies":[{"name":"wp","href":"https:\/\/api.w.org\/{rel}","templated":true}]}}